{"id":71,"date":"2024-08-30T11:31:24","date_gmt":"2024-08-30T11:31:24","guid":{"rendered":"https:\/\/trucks.hgl.mn\/?page_id=71"},"modified":"2026-03-31T07:47:04","modified_gmt":"2026-03-31T07:47:04","slug":"sandeliavimas","status":"publish","type":"page","link":"https:\/\/hegelmann-logistika.lt\/en\/warehousing\/","title":{"rendered":"Warehousing"},"content":{"rendered":"<div>\n<p>    <img decoding=\"async\" src=\"\/wp-content\/uploads\/2026\/03\/DSC3120-1920x1080-1.jpg\" alt=\"Hegelmann Logistika sandeliavimas Lietuvoje\"><\/p>\n<\/div>\n<h1><span data-contrast=\"auto\" xml:lang=\"LT-LT\" lang=\"LT-LT\" class=\"TextRun SCXW104923948 BCX0\"><span class=\"NormalTextRun SCXW104923948 BCX0\">Sand\u0117liavimas<\/span><\/span><\/h1>\n<div>\n<p>Naudodamiesi Hegelmann Logistics sand\u0117liavimo paslauga, palengvinsite e-komercijos, ma\u017emenin\u0117s ir didmenin\u0117s prekybos procesus. Patik\u0117j\u0119 preki\u0173 saugojim\u0105 mums, gal\u0117site vis\u0105 d\u0117mes\u012f sutelkti \u012f verslo pl\u0117tr\u0105, o visus tiekimo grandin\u0117s r\u016bpes\u010dius \u2013 perduoti patikimiems logistikos profesionalams.<\/p>\n<\/div>\n<p><p>\n        <a href=\"\/kontaktai\/\">Susisiekite<\/a>\n    <\/p>\n<\/p>\n<h2>Charakteristikos<\/h2>\n<ul>\n<li>\n<p>        <img decoding=\"async\" src=\"\/wp-content\/uploads\/2025\/12\/paleciu-sandeliavimas-200.png\" alt=\"Pakrovimo rampos\"><\/p>\n<h3>30 000 pale\u010di\u0173<\/h3>\n<\/li>\n<li>\n<p>        <img decoding=\"async\" src=\"\/wp-content\/uploads\/2024\/09\/warehouse-space.png\" alt=\"Sandelio vieta\"><\/p>\n<h3>21 000 m\u00b2<\/h3>\n<\/li>\n<li>\n<p>        <img decoding=\"async\" src=\"\/wp-content\/uploads\/2025\/12\/pakrovimo-rampos.png\" alt=\"Pakrovimo rampos\"><\/p>\n<h3>42 Rampos<\/h3>\n<\/li>\n<\/ul>\n<p><img decoding=\"async\" src=\"\/wp-content\/uploads\/2024\/09\/zenklinimas600x400.jpg\" alt=\"zenklinimo paslaugos\"><\/p>\n<h3>Paslaugos, kurias teikiame:<\/h3>\n<div>\n<ul>\n<li>Ilgalaikis ir trumpalaikis sand\u0117liavimas<\/li>\n<li>Preki\u0173 laikymas akciziniuose sand\u0117liuose<\/li>\n<li>Ma\u017e\u0173 (pvz., SIM korteli\u0173) ir stambiagabari\u010di\u0173 preki\u0173 sand\u0117liavimas<\/li>\n<li>Nestandartini\u0173 ar negabaritini\u0173 preki\u0173 krovos ir saugojimo sprendimai su specializuota \u012franga<\/li>\n<li>Rankin\u0117 krova, kokyb\u0117s kontrol\u0117<\/li>\n<li>Greitas j\u016brini\u0173 konteineri\u0173 aptarnavimas naudojant push-pull sistem\u0105<\/li>\n<li>Preki\u0173, produkt\u0173 atrinkimas pagal kliento reikalavimus<\/li>\n<li>Banderoli\u0173 ir kit\u0173 informacini\u0173 lipduk\u0173 klijavimas<\/li>\n<li>Muitin\u0117s dokument\u0173 tvarkymas<\/li>\n<li>U\u017esakym\u0173 ir preki\u0173 liku\u010di\u0173 valdymas realiuoju laiku<\/li>\n<\/ul>\n<\/div>\n<h3>Efektyvumas ir kontrol\u0117<\/h3>\n<div>\n<p>Naudodamiesi m\u016bs\u0173 logistikos centro paslaugomis, pagerinsite savo veiklos efektyvum\u0105. J\u016bs\u0173 prek\u0117s bus saugomos naudojant pa\u017eangias technologijas, u\u017etikrinant kokyb\u0117s kontrol\u0119, lankst\u0173 atsarg\u0173 valdym\u0105 ir \u012fvairias papildomas sand\u0117liavimo paslaugas.<\/p>\n<p>Sutelkite vis\u0105 d\u0117mes\u012f \u012f savo verslo pagrindin\u0119 veikl\u0105, o tiekimo grandin\u0117s u\u017eduotis patik\u0117kite mums.<\/p>\n<\/div>\n<p><img decoding=\"async\" src=\"\/wp-content\/uploads\/2025\/07\/Logistikos-centras1.1.jpg\" alt=\"efektyvumas logistikoje svarbus\"><\/p>\n<p><!--more--><br \/>\n<!-- {\"type\":\"layout\",\"children\":[{\"type\":\"section\",\"props\":{\"header_transparent\":true,\"header_transparent_noplaceholder\":true,\"header_transparent_text_color\":\"light\",\"image_position\":\"center-center\",\"padding_bottom\":\"none\",\"padding_top\":\"none\",\"style\":\"default\",\"title_breakpoint\":\"xl\",\"title_position\":\"top-left\",\"title_rotation\":\"left\",\"vertical_align\":\"middle\",\"width\":\"\"},\"children\":[{\"type\":\"row\",\"children\":[{\"type\":\"column\",\"props\":{\"image_position\":\"center-center\",\"position_sticky_breakpoint\":\"m\"},\"children\":[{\"type\":\"slideshow\",\"props\":{\"link_style\":\"default\",\"link_text\":\"Read more\",\"margin_bottom\":\"remove\",\"margin_top\":\"remove\",\"meta_align\":\"below-title\",\"meta_element\":\"div\",\"meta_style\":\"text-meta\",\"nav\":\"dotnav\",\"nav_align\":\"center\",\"nav_breakpoint\":\"s\",\"nav_position\":\"bottom-center\",\"nav_position_margin\":\"medium\",\"overlay_animation\":\"parallax\",\"overlay_position\":\"center-left\",\"show_content\":true,\"show_link\":true,\"show_meta\":true,\"show_thumbnail\":true,\"show_title\":true,\"slidenav\":\"\",\"slidenav_breakpoint\":\"s\",\"slidenav_margin\":\"medium\",\"slidenav_outside_breakpoint\":\"xl\",\"slideshow_autoplay\":true,\"slideshow_autoplay_pause\":true,\"slideshow_kenburns\":\"center-center\",\"slideshow_kenburns_duration\":\"10\",\"slideshow_max_height\":\"580\",\"slideshow_min_height\":300,\"text_align\":\"center\",\"text_color\":\"light\",\"thumbnav_height\":\"75\",\"thumbnav_svg_color\":\"emphasis\",\"thumbnav_width\":\"100\",\"title_element\":\"h3\",\"title_hover_style\":\"reset\"},\"children\":[{\"type\":\"slideshow_item\",\"props\":{\"image\":\"wp-content\/uploads\/2026\/03\/DSC3120-1920x1080-1.jpg\",\"image_alt\":\"Hegelmann Logistika sandeliavimas Lietuvoje\",\"video\":\"\"}}]}]}]}]},{\"type\":\"section\",\"props\":{\"image_position\":\"center-center\",\"style\":\"muted\",\"title_breakpoint\":\"xl\",\"title_position\":\"top-left\",\"title_rotation\":\"left\",\"vertical_align\":\"middle\",\"width\":\"default\"},\"children\":[{\"type\":\"row\",\"children\":[{\"type\":\"column\",\"props\":{\"image_position\":\"center-center\",\"position_sticky_breakpoint\":\"m\"},\"children\":[{\"type\":\"breadcrumbs\",\"props\":{\"home_text\":\"Pagrindinis\",\"home_text_en_us\":\"Home\",\"show_current\":true,\"show_home\":true}},{\"type\":\"headline\",\"props\":{\"content\":\"<span data-contrast=\\\"auto\\\" xml:lang=\\\"LT-LT\\\" lang=\\\"LT-LT\\\" class=\\\"TextRun SCXW104923948 BCX0\\\"><span class=\\\"NormalTextRun SCXW104923948 BCX0\\\">Sand\u0117liavimas<\/span><\/span>\",\"content_en_us\":\"Warehousing\",\"image_align\":\"left\",\"image_margin\":\"xsmall\",\"title_element\":\"h1\"}},{\"type\":\"text\",\"props\":{\"column_breakpoint\":\"m\",\"content\":\"\n\n<p>Naudodamiesi Hegelmann Logistics sand\u0117liavimo paslauga, palengvinsite e-komercijos, ma\u017emenin\u0117s ir didmenin\u0117s prekybos procesus. Patik\u0117j\u0119 preki\u0173 saugojim\u0105 mums, gal\u0117site vis\u0105 d\u0117mes\u012f sutelkti \u012f verslo pl\u0117tr\u0105, o visus tiekimo grandin\u0117s r\u016bpes\u010dius \u2013 perduoti patikimiems logistikos profesionalams.<\/p>\n\n\",\"content_en_us\":\"\n\n<p>With Hegelmann Logistics warehousing service, you can make your e-commerce, retail, and wholesale processes easier. By trusting us to store your goods, you can focus on growing your business while we take care of your supply chain needs.<\/p>\n\n\",\"margin_bottom\":\"default\",\"margin_top\":\"default\"}},{\"type\":\"button\",\"props\":{\"grid_column_gap\":\"small\",\"grid_row_gap\":\"small\",\"margin_bottom\":\"default\",\"margin_top\":\"default\"},\"children\":[{\"type\":\"button_item\",\"props\":{\"button_style\":\"default\",\"content\":\"Susisiekite\",\"content_en_us\":\"Contact us\",\"dialog_layout\":\"modal\",\"dialog_offcanvas_flip\":true,\"icon_align\":\"left\",\"link\":\"kontaktai\/\",\"link_aria_label\":\"Kntaktai\",\"link_en_us\":\"\/en\/contacts\",\"link_title\":\"Kontaktai\",\"link_title_en_us\":\"Get in touch\"}}]}]}]}]},{\"type\":\"section\",\"props\":{\"image_position\":\"center-center\",\"style\":\"default\",\"title_breakpoint\":\"xl\",\"title_position\":\"top-left\",\"title_rotation\":\"left\",\"vertical_align\":\"middle\",\"width\":\"default\"},\"children\":[{\"type\":\"row\",\"children\":[{\"type\":\"column\",\"props\":{\"image_position\":\"center-center\",\"position_sticky_breakpoint\":\"m\"},\"children\":[{\"type\":\"headline\",\"props\":{\"content\":\"Charakteristikos\",\"content_en_us\":\"Key facts\",\"image_align\":\"left\",\"image_margin\":\"xsmall\",\"title_element\":\"h2\"}},{\"type\":\"grid\",\"props\":{\"content_column_breakpoint\":\"m\",\"filter_align\":\"left\",\"filter_all\":true,\"filter_grid_breakpoint\":\"m\",\"filter_grid_width\":\"auto\",\"filter_position\":\"top\",\"filter_style\":\"tab\",\"grid_default\":\"1\",\"grid_medium\":\"3\",\"image_align\":\"top\",\"image_grid_breakpoint\":\"m\",\"image_grid_width\":\"1-2\",\"image_height\":80,\"image_svg_color\":\"emphasis\",\"item_animation\":true,\"lightbox_bg_close\":true,\"link_style\":\"default\",\"link_text\":\"Read more\",\"margin_bottom\":\"default\",\"margin_top\":\"default\",\"meta_align\":\"below-title\",\"meta_element\":\"div\",\"meta_style\":\"text-meta\",\"show_content\":true,\"show_hover_image\":true,\"show_hover_video\":true,\"show_image\":true,\"show_link\":true,\"show_meta\":true,\"show_title\":true,\"show_video\":true,\"text_align\":\"center\",\"title_align\":\"top\",\"title_element\":\"h3\",\"title_grid_breakpoint\":\"m\",\"title_grid_width\":\"1-2\",\"title_hover_style\":\"reset\"},\"children\":[{\"type\":\"grid_item\",\"props\":{\"image\":\"wp-content\/uploads\/2025\/12\/paleciu-sandeliavimas-200.png\",\"image_alt\":\"Pakrovimo rampos\",\"title\":\"30 000 pale\u010di\u0173\",\"title_en_us\":\"Pallets: 30,000\"}},{\"type\":\"grid_item\",\"props\":{\"image\":\"wp-content\/uploads\/2024\/09\/warehouse-space.png\",\"image_alt\":\"Sandelio vieta\",\"title\":\"21 000 m\u00b2\",\"title_en_us\":\"Warehouse space: 21,000 m\u00b2\"}},{\"type\":\"grid_item\",\"props\":{\"image\":\"wp-content\/uploads\/2025\/12\/pakrovimo-rampos.png\",\"image_alt\":\"Pakrovimo rampos\",\"title\":\"42 Rampos\",\"title_en_us\":\"Loading\/unloading ramps: 42\"}}]}]}]}],\"name\":\"2025-07-03-Charakteristikos\"},{\"type\":\"section\",\"props\":{\"image_position\":\"center-center\",\"style\":\"default\",\"title_breakpoint\":\"xl\",\"title_position\":\"top-left\",\"title_rotation\":\"left\",\"vertical_align\":\"middle\",\"width\":\"default\"},\"children\":[{\"type\":\"row\",\"props\":{\"layout\":\"1-2,1-2\"},\"children\":[{\"type\":\"column\",\"props\":{\"image_position\":\"center-center\",\"position_sticky_breakpoint\":\"m\",\"width_medium\":\"1-2\"},\"children\":[{\"type\":\"image\",\"props\":{\"image\":\"wp-content\/uploads\/2024\/09\/zenklinimas600x400.jpg\",\"image_alt\":\"zenklinimo paslaugos\",\"image_svg_color\":\"emphasis\",\"margin_bottom\":\"default\",\"margin_top\":\"default\"}}]},{\"type\":\"column\",\"props\":{\"image_position\":\"center-center\",\"position_sticky_breakpoint\":\"m\",\"width_medium\":\"1-2\"},\"children\":[{\"type\":\"headline\",\"props\":{\"content\":\"Paslaugos, kurias teikiame:\",\"content_en_us\":\"Services we provide:\",\"image_align\":\"left\",\"image_margin\":\"xsmall\",\"title_element\":\"h3\"}},{\"type\":\"text\",\"props\":{\"column_breakpoint\":\"m\",\"content\":\"\n\n<ul>\\n\n\n<li>Ilgalaikis ir trumpalaikis sand\u0117liavimas<\/li>\n\n\\n\n\n<li>Preki\u0173 laikymas akciziniuose sand\u0117liuose<\/li>\n\n\\n\n\n<li>Ma\u017e\u0173 (pvz., SIM korteli\u0173) ir stambiagabari\u010di\u0173 preki\u0173 sand\u0117liavimas<\/li>\n\n\\n\n\n<li>Nestandartini\u0173 ar negabaritini\u0173 preki\u0173 krovos ir saugojimo sprendimai su specializuota \u012franga<\/li>\n\n\\n\n\n<li>Rankin\u0117 krova, kokyb\u0117s kontrol\u0117<\/li>\n\n\\n\n\n<li>Greitas j\u016brini\u0173 konteineri\u0173 aptarnavimas naudojant push-pull sistem\u0105<\/li>\n\n\\n\n\n<li>Preki\u0173, produkt\u0173 atrinkimas pagal kliento reikalavimus<\/li>\n\n\\n\n\n<li>Banderoli\u0173 ir kit\u0173 informacini\u0173 lipduk\u0173 klijavimas<\/li>\n\n\\n\n\n<li>Muitin\u0117s dokument\u0173 tvarkymas<\/li>\n\n\\n\n\n<li>U\u017esakym\u0173 ir preki\u0173 liku\u010di\u0173 valdymas realiuoju laiku<\/li>\n\n\\n<\/ul>\n\n\",\"content_en_us\":\"\n\n<ul>\\n\n\n<li>Long-term and short-term storage<\/li>\n\n\\n\n\n<li>Storage of goods in bonded warehouses<\/li>\n\n\\n\n\n<li>Storage of small items (e.g., SIM cards) and large-sized goods<\/li>\n\n\\n\n\n<li>Handling and storage solutions for non-standard or oversized items with specialised equipment<\/li>\n\n\\n\n\n<li>Manual handling and quality control<\/li>\n\n\\n\n\n<li>Fast service for sea containers using the push-pull system<\/li>\n\n\\n\n\n<li>Order picking according to client requirements<\/li>\n\n\\n\n\n<li>Application of excise stamps and other informational labels<\/li>\n\n\\n\n\n<li>Customs documentation handling<\/li>\n\n\\n\n\n<li>Real-time order and stock management<\/li>\n\n\\n<\/ul>\n\n\",\"margin_bottom\":\"default\",\"margin_top\":\"default\"}}]}]}]},{\"type\":\"section\",\"props\":{\"image_position\":\"center-center\",\"media_overlay_gradient\":\"linear-gradient(327deg, rgba(7,0,210,1) 10%, rgba(38,0,189,0) 100%);\",\"style\":\"default\",\"title_breakpoint\":\"xl\",\"title_position\":\"top-left\",\"title_rotation\":\"left\",\"vertical_align\":\"middle\",\"width\":\"default\"},\"children\":[{\"type\":\"row\",\"props\":{\"layout\":\"1-2,1-2\"},\"children\":[{\"type\":\"column\",\"props\":{\"image_position\":\"center-center\",\"position_sticky_breakpoint\":\"m\",\"width_medium\":\"1-2\"},\"children\":[{\"type\":\"headline\",\"props\":{\"content\":\"Efektyvumas ir kontrol\u0117\",\"content_en_us\":\"Efficiency and Control\",\"image_align\":\"left\",\"image_margin\":\"xsmall\",\"title_element\":\"h3\"}},{\"type\":\"text\",\"props\":{\"column_breakpoint\":\"m\",\"content\":\"\n\n<p>Naudodamiesi m\u016bs\u0173 logistikos centro paslaugomis, pagerinsite savo veiklos efektyvum\u0105. J\u016bs\u0173 prek\u0117s bus saugomos naudojant pa\u017eangias technologijas, u\u017etikrinant kokyb\u0117s kontrol\u0119, lankst\u0173 atsarg\u0173 valdym\u0105 ir \u012fvairias papildomas sand\u0117liavimo paslaugas.<\/p>\n\n\\n\n\n<p>Sutelkite vis\u0105 d\u0117mes\u012f \u012f savo verslo pagrindin\u0119 veikl\u0105, o tiekimo grandin\u0117s u\u017eduotis patik\u0117kite mums.<\/p>\n\n\",\"content_en_us\":\"\n\n<p>By using our logistics center services, you can improve your operational efficiency. Your goods will be stored with advanced technologies, ensuring quality control, flexible inventory management, and a range of additional warehousing services.<\/p>\n\n\\n\n\n<p>Focus entirely on your core business while leaving the supply chain tasks to us.<\/p>\n\n\",\"margin_bottom\":\"default\",\"margin_top\":\"default\"}}]},{\"type\":\"column\",\"props\":{\"image_position\":\"center-center\",\"position_sticky_breakpoint\":\"m\",\"width_medium\":\"1-2\"},\"children\":[{\"type\":\"image\",\"props\":{\"image\":\"wp-content\/uploads\/2025\/07\/Logistikos-centras1.1.jpg\",\"image_alt\":\"efektyvumas logistikoje svarbus\",\"image_svg_color\":\"emphasis\",\"margin_bottom\":\"default\",\"margin_top\":\"default\",\"visibility\":\"m\"}}]}]}]},{\"type\":\"section\",\"props\":{\"id\":\"uzklausa\",\"image_position\":\"center-center\",\"style\":\"secondary\",\"title_breakpoint\":\"xl\",\"title_position\":\"top-left\",\"title_rotation\":\"left\",\"vertical_align\":\"middle\",\"width\":\"default\"},\"children\":[{\"type\":\"row\",\"children\":[{\"type\":\"column\",\"props\":{\"image_position\":\"center-center\",\"position_sticky_breakpoint\":\"m\"},\"children\":[{\"type\":\"yooessentials_form\",\"props\":{\"form_actions\":[{\"type\":\"email\",\"props\":{\"html\":true,\"attachments\":[null],\"submitted_attachments\":[null],\"subject\":\"{vardas} u\u017eklausa - hegelmann-logistika.lt\",\"recipients\":\"logistika.lt@hegelmann.com\",\"body\":\"\n\n<p>U\u017eklausa gauta i\u0161 <br \/><em>hegelmann-logistika.lt\/paslaugos<\/em><\/p>\n\n\\n\n\n<p><strong>Vardas:<\/strong> {vardas}<br \/><strong>Tel nr:<\/strong> {telefonas}<br \/><strong>E-mail:<\/strong> {pastas}<br \/><strong>Tema:<\/strong> {tema}\n\n<strong>\u017dinut\u0117:<\/strong> {zinute}<\/p>\n\n\",\"from_name\":\"\",\"ccs\":\"sjurkus@hegelmann.com, ejagelaite@hegelmann.com\"},\"id\":\"68c95cb4f32f0\"},{\"type\":\"redirect\",\"id\":\"768877\",\"props\":{\"redirect\":\"thank-you-paslaugos\/\"}}],\"form_settings_action_method\":\"POST\",\"form_settings_html5validation\":true,\"form_settings_override_action_url\":false,\"form_settings_reset_after_submit\":true,\"margin_bottom\":\"default\",\"margin_top\":\"default\"},\"children\":[{\"type\":\"row\",\"props\":{\"layout\":\"1-2,1-2\"},\"children\":[{\"type\":\"column\",\"props\":{\"image_position\":\"center-center\",\"position_sticky_breakpoint\":\"m\",\"width_medium\":\"1-2\"},\"children\":[{\"type\":\"headline\",\"props\":{\"content\":\"Nerandate to, ko ie\u0161kote? Pateikite u\u017eklaus\u0105\",\"content_en_us\":\"Submit a request\",\"image_align\":\"left\",\"image_margin\":\"xsmall\",\"title_element\":\"h3\"}},{\"type\":\"text\",\"props\":{\"column_breakpoint\":\"m\",\"content\":\"\n\n<p><span>Turite daugiau klausim\u0173? M\u016bs\u0173 komanda pasiruo\u0161usi jums pad\u0117ti!<\/span><br \/><span>Susisiekite telefonu ar el. pa\u0161tu.<\/span><\/p>\n\n\",\"content_en_us\":\"\n\n<p><span>Do you have any more questions? Our team is ready to help you!<\/span><br \/><span>Contact us by phone or email.<\/span><\/p>\n\n\",\"margin_bottom\":\"default\",\"margin_top\":\"default\"}},{\"type\":\"button\",\"props\":{\"grid_column_gap\":\"small\",\"grid_row_gap\":\"small\",\"margin_bottom\":\"default\",\"margin_top\":\"default\"},\"children\":[{\"type\":\"button_item\",\"props\":{\"button_style\":\"default\",\"content\":\"+370 657 04944\",\"dialog_layout\":\"modal\",\"dialog_offcanvas_flip\":true,\"icon\":\"receiver\",\"icon_align\":\"left\",\"link\":\"tel:+37065704944\",\"link_title\":\"Skambinti\"}},{\"type\":\"button_item\",\"props\":{\"button_style\":\"default\",\"content\":\"logistika.lt@hegelmann.com\",\"dialog_layout\":\"modal\",\"dialog_offcanvas_flip\":true,\"icon\":\"mail\",\"icon_align\":\"left\",\"link\":\"mailto:logistika.lt@hegelmann.com\",\"link_title\":\"Susisiekite el. pa\u0161tu\"}}]},{\"type\":\"button\",\"props\":{\"grid_column_gap\":\"small\",\"grid_row_gap\":\"small\",\"margin_bottom\":\"default\",\"margin_top\":\"default\"},\"children\":[{\"type\":\"button_item\",\"props\":{\"button_style\":\"default\",\"content\":\"Susisiekite\",\"content_en_us\":\"Contact us\",\"dialog_layout\":\"modal\",\"dialog_offcanvas_flip\":true,\"icon\":\"info\",\"icon_align\":\"left\",\"link\":\"kontaktai\/\",\"link_aria_label\":\"Kontaktai\",\"link_en_us\":\"\/en\/contacts\",\"link_title\":\"Kontaktai\",\"link_title_en_us\":\"Get in touch\"}}]},{\"type\":\"text\",\"props\":{\"class\":\"text-borderis\",\"column_breakpoint\":\"m\",\"content\":\"\n\n<p>\u0160i forma n\u0117ra skirta darbo u\u017eklausoms, tod\u0117l \u012f jas nebus atsakoma. Jei norite kreiptis d\u0117l darbo, si\u0173skite CV ir u\u017eklaus\u0105 el. pa\u0161tu: vsinkeviciene@hegelmann.com arba telefonu: +37066036069<\/p>\n\n\",\"content_en_us\":\"\n\n<p>This form is intended for general inquiries only. Unfortunately, job-related messages will not receive a response. If you wish to apply for a job, please send your CV and inquiry by email to: vsinkeviciene@hegelmann.com or by phone: +37066036069<\/p>\n\n\",\"margin_bottom\":\"default\",\"margin_top\":\"default\"}}]},{\"type\":\"column\",\"props\":{\"image_position\":\"center-center\",\"position_sticky_breakpoint\":\"m\",\"width_medium\":\"1-2\"},\"children\":[{\"type\":\"yooessentials_form_input\",\"props\":{\"control_icon_align\":\"left\",\"grid_column_gap\":\"small\",\"grid_columns_number\":\"1-2@m\",\"grid_row_gap\":\"small\",\"margin_bottom\":\"default\",\"margin_top\":\"default\",\"show_icon\":true,\"show_label\":true},\"children\":[{\"type\":\"yooessentials_form_input_text\",\"props\":{\"control_icon\":\"user\",\"control_id_inherit\":true,\"control_label\":\"J\u016bs\u0173 vardas, pavard\u0117\",\"control_label_en_us\":\"Full name\",\"control_name\":\"vardas\",\"control_required\":true}},{\"type\":\"yooessentials_form_input_email\",\"props\":{\"control_icon\":\"mail\",\"control_id_inherit\":true,\"control_label\":\"El. pa\u0161tas\",\"control_label_en_us\":\"E-mail\",\"control_name\":\"pastas\",\"control_required\":true}},{\"type\":\"yooessentials_form_input_text\",\"props\":{\"control_icon\":\"file-edit\",\"control_id_inherit\":true,\"control_label\":\"Tema\",\"control_label_en_us\":\"Subject\",\"control_name\":\"tema\",\"control_required\":true}},{\"type\":\"yooessentials_form_input_tel\",\"props\":{\"control_icon\":\"phone\",\"control_id_inherit\":true,\"control_label\":\"Tel nr. \",\"control_label_en_us\":\"Phone\",\"control_maxlength\":15,\"control_minlength\":5,\"control_name\":\"telefonas\",\"control_required\":true}}]},{\"type\":\"yooessentials_form_textarea\",\"props\":{\"control_error_message\":\"Atsipra\u0161ome, \u012fvyko klaida. Pra\u0161ome bandyti dar kart\u0105 arba kreipkit\u0117s el. pa\u0161tu logistika.lt@hegelmann.com\",\"control_id_inherit\":true,\"control_label\":\"\u017dinut\u0117:\",\"control_label_en_us\":\"Message\",\"control_maxlength\":500,\"control_name\":\"zinute\",\"control_required\":true,\"margin_bottom\":\"default\",\"margin_top\":\"default\"}},{\"type\":\"yooessentials_form_button\",\"props\":{\"grid_column_gap\":\"small\",\"grid_row_gap\":\"small\",\"margin_bottom\":\"default\",\"margin_top\":\"default\"},\"children\":[{\"type\":\"yooessentials_form_button_submit\",\"props\":{\"button_style\":\"default\",\"content\":\"Si\u0173sti\",\"content_en_us\":\"Send\",\"icon\":\"\",\"icon_align\":\"left\"}}]},{\"type\":\"yooessentials_form_recaptcha\",\"props\":{\"control_action\":\"yoothemepro_form_submit\",\"control_badge_position\":\"bottomright\",\"control_secret_key\":\"6Ld8bssrAAAAAFdNeXDK_9OrFBaT-sItA4OuoJ3s\",\"control_site_key\":\"6Ld8bssrAAAAAKZDaESylY9Lr5uxUBsPkkuD1iFu\",\"control_size\":\"normal\",\"control_theme\":\"light\",\"control_threshold\":\"0.5\",\"control_type\":\"v3\",\"margin_bottom\":\"default\",\"margin_top\":\"default\",\"recaptcha_version\":\"v2\"}}]}]}],\"formid\":\"679fe665\"}]}]}],\"name\":\"2026-01-09_forma-siuntimo-blue2\"}],\"version\":\"5.0.25\",\"yooessentialsVersion\":\"3.0.2\"} --><\/p>\n","protected":false},"excerpt":{"rendered":"<p>Sand\u0117liavimas Naudodamiesi Hegelmann Logistics sand\u0117liavimo paslauga, palengvinsite e-komercijos, ma\u017emenin\u0117s ir didmenin\u0117s prekybos procesus. Patik\u0117j\u0119 preki\u0173 saugojim\u0105 mums, gal\u0117site vis\u0105 d\u0117mes\u012f sutelkti \u012f verslo pl\u0117tr\u0105, o visus tiekimo grandin\u0117s r\u016bpes\u010dius \u2013 perduoti patikimiems logistikos profesionalams. Susisiekite Charakteristikos 30 000 pale\u010di\u0173 21 000 m\u00b2 42 Rampos Paslaugos, kurias teikiame: Ilgalaikis ir trumpalaikis sand\u0117liavimas Preki\u0173 laikymas akciziniuose sand\u0117liuose [&hellip;]<\/p>\n","protected":false},"author":1,"featured_media":0,"parent":0,"menu_order":0,"comment_status":"closed","ping_status":"closed","template":"","meta":{"footnotes":""},"class_list":["post-71","page","type-page","status-publish","hentry"],"_links":{"self":[{"href":"https:\/\/hegelmann-logistika.lt\/en\/wp-json\/wp\/v2\/pages\/71","targetHints":{"allow":["GET"]}}],"collection":[{"href":"https:\/\/hegelmann-logistika.lt\/en\/wp-json\/wp\/v2\/pages"}],"about":[{"href":"https:\/\/hegelmann-logistika.lt\/en\/wp-json\/wp\/v2\/types\/page"}],"author":[{"embeddable":true,"href":"https:\/\/hegelmann-logistika.lt\/en\/wp-json\/wp\/v2\/users\/1"}],"replies":[{"embeddable":true,"href":"https:\/\/hegelmann-logistika.lt\/en\/wp-json\/wp\/v2\/comments?post=71"}],"version-history":[{"count":44,"href":"https:\/\/hegelmann-logistika.lt\/en\/wp-json\/wp\/v2\/pages\/71\/revisions"}],"predecessor-version":[{"id":971,"href":"https:\/\/hegelmann-logistika.lt\/en\/wp-json\/wp\/v2\/pages\/71\/revisions\/971"}],"wp:attachment":[{"href":"https:\/\/hegelmann-logistika.lt\/en\/wp-json\/wp\/v2\/media?parent=71"}],"curies":[{"name":"wp","href":"https:\/\/api.w.org\/{rel}","templated":true}]}}