{"id":248,"date":"2024-10-14T13:46:22","date_gmt":"2024-10-14T13:46:22","guid":{"rendered":"https:\/\/trucks.hgl.mn\/?page_id=248"},"modified":"2026-03-31T07:39:28","modified_gmt":"2026-03-31T07:39:28","slug":"duk","status":"publish","type":"page","link":"https:\/\/hegelmann-logistika.lt\/en\/faq\/","title":{"rendered":"FAQ"},"content":{"rendered":"<div>\n<p>    <img decoding=\"async\" src=\"\/wp-content\/uploads\/2024\/09\/banner-logistika-cc.jpg\" alt=\"Logistikos paslaugos kaune\"><\/p>\n<\/div>\n<h1>DUK &#8211; Da\u017eniausiai u\u017eduodami klausimai<\/h1>\n<h5>Pasirinkite kategorij\u0105<\/h5>\n<ul>\n<li>\n<p>        <img decoding=\"async\" src=\"\/wp-content\/uploads\/2024\/08\/akcizinis-muitines-sandelis.jpg\" alt=\"akcizinis sandelys\"><\/p>\n<h3>Klausimai apie sand\u0117liavim\u0105<\/h3>\n<p><a href=\"\/klausimai-apie-sandeliavima\/\">Susij\u0119 klausimai<\/a><\/p>\n<\/li>\n<li>\n<p>        <img decoding=\"async\" src=\"\/wp-content\/uploads\/2024\/09\/e-shop-paslauga.jpg\" alt=\"e-komercija e-shop paslaugos\"><\/p>\n<h3>Klausimai apie 3PL paslaugas<\/h3>\n<p><a href=\"\/3pl-paslaugos-klausimai\/\">Susij\u0119 klausimai<\/a><\/p>\n<\/li>\n<li>\n<p>        <img decoding=\"async\" src=\"\/wp-content\/uploads\/2024\/10\/akcizinis.jpg\" alt=\"akcizinis sandelis\"><\/p>\n<h3>Klausimai apie muitin\u0117s sand\u0117liavim\u0105<\/h3>\n<p><a href=\"\/muitines-sandelio-klausimai\/\">Susij\u0119 klausimai<\/a><\/p>\n<\/li>\n<li>\n<p>        <img decoding=\"async\" src=\"\/wp-content\/uploads\/2025\/07\/duk-e-shop.jpg\" alt=\"E-shop klausimai bei atsakymai\"><\/p>\n<h3>Klausimai apie e. komercij\u0105<\/h3>\n<p><a href=\"\/eshop-klausimai\/\">Susij\u0119 klausimai<\/a><\/p>\n<\/li>\n<\/ul>\n<p><!--more--><br \/>\n<!-- {\"type\":\"layout\",\"children\":[{\"type\":\"section\",\"props\":{\"header_transparent\":true,\"header_transparent_noplaceholder\":true,\"header_transparent_text_color\":\"light\",\"image_position\":\"center-center\",\"padding_bottom\":\"none\",\"padding_top\":\"none\",\"style\":\"default\",\"title_breakpoint\":\"xl\",\"title_position\":\"top-left\",\"title_rotation\":\"left\",\"vertical_align\":\"middle\",\"width\":\"\"},\"children\":[{\"type\":\"row\",\"children\":[{\"type\":\"column\",\"props\":{\"image_position\":\"center-center\",\"position_sticky_breakpoint\":\"m\"},\"children\":[{\"type\":\"slideshow\",\"props\":{\"link_style\":\"default\",\"link_text\":\"Read more\",\"margin_bottom\":\"remove\",\"margin_top\":\"remove\",\"meta_align\":\"above-title\",\"meta_element\":\"div\",\"meta_style\":\"text-meta\",\"nav\":\"dotnav\",\"nav_align\":\"center\",\"nav_breakpoint\":\"s\",\"nav_position\":\"bottom-center\",\"nav_position_margin\":\"\",\"overlay_animation\":\"parallax\",\"overlay_container\":\"expand\",\"overlay_container_padding\":\"xsmall\",\"overlay_position\":\"center\",\"show_content\":true,\"show_link\":true,\"show_meta\":true,\"show_thumbnail\":true,\"show_title\":true,\"slidenav\":\"default\",\"slidenav_breakpoint\":\"s\",\"slidenav_margin\":\"medium\",\"slidenav_outside_breakpoint\":\"xl\",\"slideshow_autoplay_pause\":true,\"slideshow_kenburns\":\"top-center\",\"slideshow_max_height\":\"600\",\"slideshow_min_height\":\"200\",\"slideshow_ratio\":\"16:9\",\"text_align\":\"center\",\"thumbnav_height\":\"75\",\"thumbnav_svg_color\":\"emphasis\",\"thumbnav_width\":\"100\",\"title_color\":\"success\",\"title_element\":\"h3\",\"title_hover_style\":\"reset\",\"title_style\":\"h1\"},\"children\":[{\"type\":\"slideshow_item\",\"props\":{\"image\":\"wp-content\/uploads\/2024\/09\/banner-logistika-cc.jpg\",\"image_alt\":\"Logistikos paslaugos kaune\"}}]}]}],\"props\":{\"margin_bottom\":\"remove\",\"margin_top\":\"remove\"}}],\"name\":\"header\"},{\"type\":\"section\",\"props\":{\"image_position\":\"center-center\",\"style\":\"default\",\"title_breakpoint\":\"xl\",\"title_position\":\"top-left\",\"title_rotation\":\"left\",\"vertical_align\":\"middle\",\"width\":\"default\"},\"children\":[{\"type\":\"row\",\"children\":[{\"type\":\"column\",\"props\":{\"image_position\":\"center-center\",\"position_sticky_breakpoint\":\"m\"},\"children\":[{\"type\":\"breadcrumbs\",\"props\":{\"home_text\":\"Pagrindinis\",\"home_text_en_us\":\"Home\",\"show_current\":true,\"show_home\":true}},{\"type\":\"headline\",\"props\":{\"content\":\"DUK - Da\u017eniausiai u\u017eduodami klausimai\",\"content_en_us\":\"FAQ \u2013 Frequently Asked Questions\",\"image_align\":\"left\",\"image_margin\":\"xsmall\",\"title_element\":\"h1\"}},{\"type\":\"headline\",\"props\":{\"content\":\"Pasirinkite kategorij\u0105\",\"content_en_us\":\"Select a category\",\"image_align\":\"left\",\"image_margin\":\"xsmall\",\"title_element\":\"h5\"}}]}]}]},{\"type\":\"section\",\"props\":{\"image_position\":\"center-center\",\"padding_top\":\"none\",\"style\":\"default\",\"title_breakpoint\":\"xl\",\"title_position\":\"top-left\",\"title_rotation\":\"left\",\"vertical_align\":\"middle\",\"width\":\"default\"},\"children\":[{\"type\":\"row\",\"children\":[{\"type\":\"column\",\"props\":{\"image_position\":\"center-center\",\"position_sticky_breakpoint\":\"m\"},\"children\":[{\"type\":\"grid\",\"props\":{\"content_column_breakpoint\":\"m\",\"filter_align\":\"left\",\"filter_all\":true,\"filter_grid_breakpoint\":\"m\",\"filter_grid_width\":\"auto\",\"filter_position\":\"top\",\"filter_style\":\"tab\",\"grid_default\":\"1\",\"grid_medium\":\"3\",\"image_align\":\"top\",\"image_grid_breakpoint\":\"m\",\"image_grid_width\":\"1-2\",\"image_svg_color\":\"emphasis\",\"item_animation\":true,\"lightbox_bg_close\":true,\"link_fullwidth\":false,\"link_style\":\"default\",\"link_text\":\"Susij\u0119 klausimai\",\"link_text_en_us\":\"Related questions\",\"margin_bottom\":\"default\",\"margin_top\":\"default\",\"meta_align\":\"below-title\",\"meta_element\":\"div\",\"meta_style\":\"text-meta\",\"panel_image_no_padding\":true,\"panel_link\":true,\"panel_link_hover\":\"true\",\"panel_padding\":\"small\",\"panel_style\":\"card-default\",\"show_content\":true,\"show_hover_image\":true,\"show_hover_video\":true,\"show_image\":true,\"show_link\":true,\"show_meta\":true,\"show_title\":true,\"show_video\":true,\"title_align\":\"top\",\"title_element\":\"h3\",\"title_grid_breakpoint\":\"m\",\"title_grid_width\":\"1-2\",\"title_hover_style\":\"reset\"},\"children\":[{\"type\":\"grid_item\",\"props\":{\"image\":\"wp-content\/uploads\/2024\/08\/akcizinis-muitines-sandelis.jpg\",\"image_alt\":\"akcizinis sandelys\",\"link\":\"klausimai-apie-sandeliavima\/\",\"link_en_us\":\"\/en\/questions-about-warehouse\/\",\"title\":\"Klausimai apie sand\u0117liavim\u0105\",\"title_en_us\":\"Questions about Warehousing\"}},{\"type\":\"grid_item\",\"props\":{\"image\":\"wp-content\/uploads\/2024\/09\/e-shop-paslauga.jpg\",\"image_alt\":\"e-komercija e-shop paslaugos\",\"link\":\"3pl-paslaugos-klausimai\/\",\"link_en_us\":\"\/en\/3pl-services-questions\/\",\"title\":\"Klausimai apie 3PL paslaugas\",\"title_en_us\":\"Questions about 3PL Services\"}},{\"type\":\"grid_item\",\"props\":{\"image\":\"wp-content\/uploads\/2024\/10\/akcizinis.jpg\",\"image_alt\":\"akcizinis sandelis\",\"link\":\"muitines-sandelio-klausimai\/\",\"link_en_us\":\"\/en\/excise-warehouse-questions\/\",\"title\":\"Klausimai apie muitin\u0117s sand\u0117liavim\u0105\",\"title_en_us\":\"Questions about Customs Warehousing\"}},{\"type\":\"grid_item\",\"props\":{\"image\":\"wp-content\/uploads\/2025\/07\/duk-e-shop.jpg\",\"image_alt\":\"E-shop klausimai bei atsakymai\",\"link\":\"eshop-klausimai\/\",\"link_en_us\":\"en\/e-shop-questions\/\",\"title\":\"Klausimai apie e. komercij\u0105\",\"title_en_us\":\"Questions about E-commerce\"}}]}]}]}]}],\"version\":\"5.0.25\",\"yooessentialsVersion\":\"3.0.2\"} --><\/p>\n","protected":false},"excerpt":{"rendered":"<p>DUK &#8211; Da\u017eniausiai u\u017eduodami klausimai Pasirinkite kategorij\u0105 Klausimai apie sand\u0117liavim\u0105 Susij\u0119 klausimai Klausimai apie 3PL paslaugas Susij\u0119 klausimai Klausimai apie muitin\u0117s sand\u0117liavim\u0105 Susij\u0119 klausimai Klausimai apie e. komercij\u0105 Susij\u0119 klausimai<\/p>\n","protected":false},"author":1,"featured_media":0,"parent":0,"menu_order":0,"comment_status":"closed","ping_status":"closed","template":"","meta":{"footnotes":""},"class_list":["post-248","page","type-page","status-publish","hentry"],"_links":{"self":[{"href":"https:\/\/hegelmann-logistika.lt\/en\/wp-json\/wp\/v2\/pages\/248","targetHints":{"allow":["GET"]}}],"collection":[{"href":"https:\/\/hegelmann-logistika.lt\/en\/wp-json\/wp\/v2\/pages"}],"about":[{"href":"https:\/\/hegelmann-logistika.lt\/en\/wp-json\/wp\/v2\/types\/page"}],"author":[{"embeddable":true,"href":"https:\/\/hegelmann-logistika.lt\/en\/wp-json\/wp\/v2\/users\/1"}],"replies":[{"embeddable":true,"href":"https:\/\/hegelmann-logistika.lt\/en\/wp-json\/wp\/v2\/comments?post=248"}],"version-history":[{"count":24,"href":"https:\/\/hegelmann-logistika.lt\/en\/wp-json\/wp\/v2\/pages\/248\/revisions"}],"predecessor-version":[{"id":965,"href":"https:\/\/hegelmann-logistika.lt\/en\/wp-json\/wp\/v2\/pages\/248\/revisions\/965"}],"wp:attachment":[{"href":"https:\/\/hegelmann-logistika.lt\/en\/wp-json\/wp\/v2\/media?parent=248"}],"curies":[{"name":"wp","href":"https:\/\/api.w.org\/{rel}","templated":true}]}}