{"id":23,"date":"2024-08-14T11:24:45","date_gmt":"2024-08-14T11:24:45","guid":{"rendered":"https:\/\/trucks.hgl.mn\/?page_id=23"},"modified":"2026-03-31T07:40:34","modified_gmt":"2026-03-31T07:40:34","slug":"kontaktai","status":"publish","type":"page","link":"https:\/\/hegelmann-logistika.lt\/en\/contacts\/","title":{"rendered":"Contacts"},"content":{"rendered":"<div>\n<p>    <img decoding=\"async\" src=\"\/wp-content\/uploads\/2024\/09\/warehouse-sandelys-forklift.jpg\" alt=\"Logistikos centro kontaktai\"><\/p>\n<\/div>\n<h1>Logistikos centro kontaktai<\/h1>\n<div>\n<p><span>Hegelmann logistikos centro komanda su malonumu pad\u0117s jums rasti tinkamiausius sprendimus j\u016bs\u0173 sand\u0117liavimo poreikiams ir atsakys \u012f klausimus.<\/span><\/p>\n<\/div>\n<ul>\n<li>\n<p>\n        <a href=\"mailto:logistika.lt@hegelmann.com\">logistika.lt@hegelmann.com<\/a>\n    <\/p>\n<\/li>\n<li>\n<p>\n        <a href=\"tel:+37065704944\">+370 657 04944<\/a>\n    <\/p>\n<\/li>\n<\/ul>\n<div>\n<p><span>M\u016bs\u0173 logistikos centrai, strategi\u0161kai i\u0161d\u0117styti svarbiose Europos vietose, yra modern\u016bs ir veiksmingi. Jie yra Var\u0161uvoje ir Poznan\u0117je (Lenkija), taip pat Vokietijoje ir Pranc\u016bzijoje, kad gal\u0117tume patenkinti \u012fvairius klient\u0173 poreikius.<\/span><\/p>\n<p><span><strong>Mus rasite:<\/strong><br \/>Pirkli\u0173 g. 5, <br \/>\u017demaitkiemio k., <br \/>LT-54310<br \/>Kauno r.<br \/>Lietuva<br \/><\/span><\/p>\n<\/div>\n<p><a href=\"https:\/\/maps.app.goo.gl\/Yq4oouZQk8o8CtpZ9\" rel=\"noopener\"><img decoding=\"async\" src=\"\/wp-content\/uploads\/2025\/06\/map-2-1.jpg\" alt=\"Hegelmann Logistikos map\"><\/a><\/p>\n<h2>Charakteristikos<\/h2>\n<ul>\n<li>\n<p>        <img decoding=\"async\" src=\"\/wp-content\/uploads\/2024\/09\/palleciu-talpinimas.svg\" alt=\"paletes\"><\/p>\n<h4>30 000 pale\u010di\u0173<\/h4>\n<\/li>\n<li>\n<p>        <img decoding=\"async\" src=\"\/wp-content\/uploads\/2024\/09\/warehouse-space.png\" alt=\"Sandelio vieta\"><\/p>\n<h4>21 000 m\u00b2<\/h4>\n<\/li>\n<li>\n<p>        <img decoding=\"async\" src=\"\/wp-content\/uploads\/2024\/10\/42-rampas.png\" alt=\"42 pakrovimo iskrovimo rampos\"><\/p>\n<h4>42 Rampos<\/h4>\n<\/li>\n<\/ul>\n<h2>Mus rasite<\/h2>\n<ul>\n<li>\n<p>52.19963724740519,20.643106097430156<\/p>\n<h3>Warszawa<\/h3>\n<div>\n<p><span>Kopyt\u00f3w 44F, budynek 6<\/span><br \/><span>05-870 B\u0142onie k. Warszawy<\/span><\/p>\n<p><a href=\"mailto:logistika.lt@hegelmann.com\">logistika.lt@hegelmann.com<\/a><br \/><a href=\"tel:+37065704944\">+370 657 04944<\/a><\/p>\n<\/div>\n<\/li>\n<li>\n<p>54.9653,23.8664<\/p>\n<h3>Kaunas<\/h3>\n<p>Hegelmann Logistics<\/p>\n<div>\n<p><span>Pirkli\u0173 5,<\/span><br \/><span>LT-54310<\/span><br \/><span>Kaunas<\/span><br \/><span>LITHUANIA<\/span><\/p>\n<p><a href=\"mailto:logistika.lt@hegelmann.com\">logistika.lt@hegelmann.com<\/a><br \/><a href=\"tel:+37065704944\">+370 657 04944<\/a><\/p>\n<\/div>\n<\/li>\n<li>\n<p>52.44547772371488,16.726299355112666<\/p>\n<h3>Pozna\u0144<\/h3>\n<div>\n<p><span>Sady, ul. Za\u00a0Motelem 2D<\/span><br \/><span>62-080 Tarnowo Podg\u00f3rne<\/span><\/p>\n<p><a href=\"mailto:logistika.lt@hegelmann.com\">logistika.lt@hegelmann.com<\/a><br \/><a href=\"tel:+37065704944\">+370 657 04944<\/a><\/p>\n<\/div>\n<\/li>\n<li>\n<p>41.663161628891444,-88.1151798606976<\/p>\n<h3>Romeoville<\/h3>\n<div>\n<p>1124 Windham Pkwy,<br \/>Romeoville, IL 60446<br \/>USA<\/p>\n<p><a href=\"mailto:logistika.lt@hegelmann.com\">logistika.lt@hegelmann.com<\/a><br \/><a href=\"tel:+37065704944\">+370 657 04944<\/a><\/p>\n<\/div>\n<\/li>\n<\/ul>\n<p><!--more--><br \/>\n<!-- {\"type\":\"layout\",\"children\":[{\"type\":\"section\",\"props\":{\"header_transparent\":true,\"header_transparent_noplaceholder\":true,\"header_transparent_text_color\":\"light\",\"image_position\":\"center-center\",\"padding_bottom\":\"none\",\"padding_top\":\"none\",\"style\":\"default\",\"title_breakpoint\":\"xl\",\"title_position\":\"top-left\",\"title_rotation\":\"left\",\"vertical_align\":\"middle\",\"width\":\"\"},\"children\":[{\"type\":\"row\",\"children\":[{\"type\":\"column\",\"props\":{\"image_position\":\"center-center\",\"position_sticky_breakpoint\":\"m\"},\"children\":[{\"type\":\"slideshow\",\"props\":{\"link_style\":\"default\",\"link_text\":\"Read more\",\"margin_bottom\":\"remove\",\"margin_top\":\"remove\",\"meta_align\":\"above-title\",\"meta_element\":\"div\",\"meta_style\":\"text-meta\",\"nav\":\"dotnav\",\"nav_align\":\"center\",\"nav_breakpoint\":\"s\",\"nav_position\":\"bottom-center\",\"nav_position_margin\":\"\",\"overlay_animation\":\"parallax\",\"overlay_container\":\"expand\",\"overlay_container_padding\":\"xsmall\",\"overlay_position\":\"center\",\"show_content\":true,\"show_link\":true,\"show_meta\":true,\"show_thumbnail\":true,\"show_title\":true,\"slidenav\":\"default\",\"slidenav_breakpoint\":\"s\",\"slidenav_margin\":\"medium\",\"slidenav_outside_breakpoint\":\"xl\",\"slideshow_autoplay_pause\":true,\"slideshow_kenburns\":\"center-left\",\"slideshow_kenburns_duration\":\"7\",\"slideshow_max_height\":\"600\",\"slideshow_min_height\":\"200\",\"slideshow_ratio\":\"16:9\",\"text_align\":\"center\",\"thumbnav_height\":\"75\",\"thumbnav_svg_color\":\"emphasis\",\"thumbnav_width\":\"100\",\"title_color\":\"success\",\"title_element\":\"h3\",\"title_hover_style\":\"reset\",\"title_style\":\"h1\"},\"children\":[{\"type\":\"slideshow_item\",\"props\":{\"image\":\"wp-content\/uploads\/2024\/09\/warehouse-sandelys-forklift.jpg\",\"image_alt\":\"Logistikos centro kontaktai\"}}]}]}],\"props\":{\"margin_bottom\":\"remove\",\"margin_top\":\"remove\"}}],\"name\":\"header-kontaktai\"},{\"type\":\"section\",\"props\":{\"image_position\":\"center-center\",\"style\":\"muted\",\"title_breakpoint\":\"xl\",\"title_position\":\"top-left\",\"title_rotation\":\"left\",\"vertical_align\":\"middle\",\"width\":\"default\"},\"children\":[{\"type\":\"row\",\"props\":{\"layout\":\"1-2,1-2\"},\"children\":[{\"type\":\"column\",\"props\":{\"image_position\":\"center-center\",\"position_sticky_breakpoint\":\"m\",\"width_medium\":\"1-2\"},\"children\":[{\"type\":\"breadcrumbs\",\"props\":{\"home_text\":\"Pagrindinis\",\"home_text_en_us\":\"Home\",\"show_current\":true,\"show_home\":true},\"name\":\"Pagrindinis\"},{\"type\":\"headline\",\"props\":{\"content\":\"Logistikos centro kontaktai\",\"content_en_us\":\"Logistics center contacts\",\"image_align\":\"left\",\"image_margin\":\"xsmall\",\"title_element\":\"h1\"}},{\"type\":\"text\",\"props\":{\"column_breakpoint\":\"m\",\"content\":\"\n\n<p><span>Hegelmann logistikos centro komanda su malonumu pad\u0117s jums rasti tinkamiausius sprendimus j\u016bs\u0173 sand\u0117liavimo poreikiams ir atsakys \u012f klausimus.<\/span><\/p>\n\n\",\"content_en_us\":\"\n\n<p>The Hegelmann Logistics center team is happy to help you find the best solutions for your warehousing needs and answer any questions.<\/p>\n\n\",\"margin_bottom\":\"default\",\"margin_top\":\"default\"}},{\"type\":\"button\",\"props\":{\"grid_column_gap\":\"small\",\"grid_row_gap\":\"small\",\"margin_bottom\":\"default\",\"margin_top\":\"default\"},\"children\":[{\"type\":\"button_item\",\"props\":{\"button_style\":\"default\",\"content\":\"logistika.lt@hegelmann.com\",\"dialog_layout\":\"modal\",\"dialog_offcanvas_flip\":true,\"icon\":\"mail\",\"icon_align\":\"left\",\"link\":\"mailto:logistika.lt@hegelmann.com\",\"link_aria_label\":\"logistika.lt@hegelmann.com\",\"link_title\":\"logistika.lt@hegelmann.com\"}},{\"type\":\"button_item\",\"props\":{\"button_style\":\"default\",\"content\":\"+370 657 04944\",\"dialog_layout\":\"modal\",\"dialog_offcanvas_flip\":true,\"icon\":\"receiver\",\"icon_align\":\"left\",\"link\":\"tel:+37065704944\",\"link_aria_label\":\"+37065704944\",\"link_title\":\"+37065704944\"}}]},{\"type\":\"text\",\"props\":{\"column_breakpoint\":\"m\",\"content\":\"\n\n<p><span>M\u016bs\u0173 logistikos centrai, strategi\u0161kai i\u0161d\u0117styti svarbiose Europos vietose, yra modern\u016bs ir veiksmingi. Jie yra Var\u0161uvoje ir Poznan\u0117je (Lenkija), taip pat Vokietijoje ir Pranc\u016bzijoje, kad gal\u0117tume patenkinti \u012fvairius klient\u0173 poreikius.<\/span><\/p>\n\n\\n\n\n<p><span><strong>Mus rasite:<\/strong><br \/>Pirkli\u0173 g. 5, <br \/>\u017demaitkiemio k., <br \/>LT-54310<br \/>Kauno r.<br \/>Lietuva<br \/><\/span><\/p>\n\n\",\"content_en_us\":\"\n\n<p>Our logistics centers, strategically located in key European locations, are modern and efficient. They are in Warsaw and Pozna\u0144 (Poland), as well as in Germany and France, allowing us to meet diverse client needs.<\/p>\n\n\\n\n\n<p><strong>You can find us at:<\/strong><br \/>Pirkli\u0173 g. 5,<br \/>\u017demaitkiemio k.,<br \/>LT-54310<br \/>Kaunas District,<br \/>Lithuania<\/p>\n\n\",\"margin_bottom\":\"default\",\"margin_top\":\"default\"}}]},{\"type\":\"column\",\"props\":{\"image_position\":\"center-center\",\"position_sticky_breakpoint\":\"m\",\"width_medium\":\"1-2\"},\"children\":[{\"type\":\"image\",\"props\":{\"image\":\"wp-content\/uploads\/2025\/06\/map-2-1.jpg\",\"image_alt\":\"Hegelmann Logistikos map\",\"image_height\":600,\"image_svg_color\":\"emphasis\",\"link\":\"https:\/\/maps.app.goo.gl\/Yq4oouZQk8o8CtpZ9\",\"margin_bottom\":\"default\",\"margin_top\":\"default\"}}]}]}]},{\"type\":\"section\",\"props\":{\"image_position\":\"center-center\",\"style\":\"default\",\"title_breakpoint\":\"xl\",\"title_position\":\"top-left\",\"title_rotation\":\"left\",\"vertical_align\":\"middle\",\"width\":\"default\"},\"children\":[{\"type\":\"row\",\"children\":[{\"type\":\"column\",\"props\":{\"image_position\":\"center-center\",\"position_sticky_breakpoint\":\"m\"},\"children\":[{\"type\":\"headline\",\"props\":{\"content\":\"Charakteristikos\",\"content_en_us\":\"Specifications\",\"image_align\":\"left\",\"image_margin\":\"xsmall\",\"title_element\":\"h2\"}},{\"type\":\"grid\",\"props\":{\"content_column_breakpoint\":\"m\",\"filter_align\":\"left\",\"filter_all\":true,\"filter_grid_breakpoint\":\"m\",\"filter_grid_width\":\"auto\",\"filter_position\":\"top\",\"filter_style\":\"tab\",\"grid_default\":\"1\",\"grid_medium\":\"3\",\"image_align\":\"top\",\"image_grid_breakpoint\":\"m\",\"image_grid_width\":\"1-2\",\"image_svg_color\":\"emphasis\",\"image_width\":100,\"item_animation\":true,\"lightbox_bg_close\":true,\"link_style\":\"default\",\"link_text\":\"Read more\",\"margin_bottom\":\"default\",\"margin_top\":\"default\",\"meta_align\":\"below-title\",\"meta_element\":\"div\",\"meta_style\":\"text-meta\",\"show_content\":true,\"show_hover_image\":true,\"show_hover_video\":true,\"show_image\":true,\"show_link\":true,\"show_meta\":true,\"show_title\":true,\"show_video\":true,\"text_align\":\"center\",\"title_align\":\"top\",\"title_element\":\"h4\",\"title_grid_breakpoint\":\"m\",\"title_grid_width\":\"1-2\",\"title_hover_style\":\"reset\"},\"children\":[{\"type\":\"grid_item\",\"props\":{\"image\":\"wp-content\/uploads\/2024\/09\/palleciu-talpinimas.svg\",\"image_alt\":\"paletes\",\"title\":\"30 000 pale\u010di\u0173\",\"title_en_us\":\"Pallets: 30,000 pallets\"}},{\"type\":\"grid_item\",\"props\":{\"image\":\"wp-content\/uploads\/2024\/09\/warehouse-space.png\",\"image_alt\":\"Sandelio vieta\",\"title\":\"21 000 m\u00b2\",\"title_en_us\":\"Warehouse space: 21,000 m\u00b2\"}},{\"type\":\"grid_item\",\"props\":{\"image\":\"wp-content\/uploads\/2024\/10\/42-rampas.png\",\"image_alt\":\"42 pakrovimo iskrovimo rampos\",\"title\":\"42 Rampos\",\"title_en_us\":\"Loading\/unloading docks: 42 docks\"}}]}]}]}],\"name\":\"Charakteristikos\"},{\"type\":\"section\",\"props\":{\"id\":\"uzklausa\",\"image_position\":\"center-center\",\"style\":\"primary\",\"title_breakpoint\":\"xl\",\"title_position\":\"top-left\",\"title_rotation\":\"left\",\"vertical_align\":\"middle\",\"width\":\"default\"},\"children\":[{\"type\":\"row\",\"children\":[{\"type\":\"column\",\"props\":{\"image_position\":\"center-center\",\"position_sticky_breakpoint\":\"m\"},\"children\":[{\"type\":\"yooessentials_form\",\"props\":{\"form_actions\":[{\"type\":\"email\",\"id\":\"B7E5ED\",\"props\":{\"html\":true,\"attachments\":[null],\"submitted_attachments\":[null],\"subject\":\"{vardas} - Hegelmann-logistika.lt\",\"recipients\":\"logistika.lt@hegelmann.com\",\"body\":\"\n\n<p>\u017dinut\u0117 <strong>i\u0161si\u0173sta<\/strong> i\u0161 hegelmann-logistika.lt\/kontaktai\n\n<strong>J\u016bs\u0173 vardas<\/strong>: {vardas}<br \/><strong>Tel nr.:<\/strong>\u00a0{telefonas}<br \/><strong>El. pa\u0161tas:<\/strong>\u00a0{pastas}<br \/><strong>Tema: <\/strong>{tema}<br \/><strong>J\u016bs\u0173 \u017einut\u0117:<\/strong>\u00a0{zinute}<\/p>\n\n\",\"ccs\":\"sjurkus@hegelmann.com, ejagelaite@hegelmann.com\"}},{\"type\":\"redirect\",\"id\":\"08A4E7\",\"props\":{\"redirect\":\"thank-you-kontaktai\/\"}}],\"form_settings_action_method\":\"POST\",\"form_settings_html5validation\":true,\"form_settings_override_action_url\":false,\"form_settings_reset_after_submit\":true,\"margin_bottom\":\"default\",\"margin_top\":\"default\"},\"children\":[{\"type\":\"row\",\"props\":{\"layout\":\"1-2,1-2\"},\"children\":[{\"type\":\"column\",\"props\":{\"image_position\":\"center-center\",\"position_sticky_breakpoint\":\"m\",\"width_medium\":\"1-2\"},\"children\":[{\"type\":\"headline\",\"props\":{\"content\":\"Pateikite u\u017eklaus\u0105\",\"content_en_us\":\"Submit an Inquiry\",\"image_align\":\"left\",\"image_margin\":\"xsmall\",\"title_element\":\"h2\"}},{\"type\":\"text\",\"props\":{\"column_breakpoint\":\"m\",\"content\":\"\n\n<p><span>Si\u016blome sand\u0117liavimo, \u017eenklimo, akcizini\u0173 sand\u0117li\u0173 paslaugas. Turite daugiau klausim\u0173? M\u016bs\u0173 komanda pasiruo\u0161usi jums pad\u0117ti!<\/span><br \/><span>Susisiekite telefonu ar el. pa\u0161tu.<\/span><\/p>\n\n\",\"content_en_us\":\"\n\n<p>We offer warehousing, labeling, and excise warehouse services. Have more questions? Our team is ready to assist you!<br \/>Contact us by phone or email.<\/p>\n\n\",\"margin_bottom\":\"default\",\"margin_top\":\"default\"}},{\"type\":\"button\",\"props\":{\"grid_column_gap\":\"small\",\"grid_row_gap\":\"small\",\"margin_bottom\":\"default\",\"margin_top\":\"default\"},\"children\":[{\"type\":\"button_item\",\"props\":{\"button_style\":\"default\",\"content\":\"logistika.lt@hegelmann.com\",\"dialog_layout\":\"modal\",\"dialog_offcanvas_flip\":true,\"icon\":\"mail\",\"icon_align\":\"left\",\"link\":\"mailto:logistika.lt@hegelmann.com\",\"link_aria_label\":\"logistika.lt@hegelmann.com\",\"link_title\":\"logistika.lt@hegelmann.com\"}},{\"type\":\"button_item\",\"props\":{\"button_style\":\"default\",\"content\":\"+370 657 04944\",\"dialog_layout\":\"modal\",\"dialog_offcanvas_flip\":true,\"icon\":\"receiver\",\"icon_align\":\"left\",\"link\":\"tel:+37065704944\",\"link_aria_label\":\"+37065704944\",\"link_title\":\"+37065704944\"}}]},{\"type\":\"text\",\"props\":{\"class\":\"text-borderis\",\"column_breakpoint\":\"m\",\"content\":\"\n\n<p>\u0160i forma n\u0117ra skirta darbo u\u017eklausoms, tod\u0117l \u012f jas nebus atsakoma. Jei norite kreiptis d\u0117l darbo, si\u0173skite CV ir u\u017eklaus\u0105 el. pa\u0161tu: vsinkeviciene@hegelmann.com arba telefonu: +37066036069<\/p>\n\n\",\"content_en_us\":\"\n\n<p>This form is intended for general inquiries only. Unfortunately, job-related messages will not receive a response. If you wish to apply for a job, please send your CV and inquiry by email to: vsinkeviciene@hegelmann.com or by phone: +37066036069<\/p>\n\n\",\"margin_bottom\":\"default\",\"margin_top\":\"default\"}}]},{\"type\":\"column\",\"props\":{\"image_position\":\"center-center\",\"position_sticky_breakpoint\":\"m\",\"width_medium\":\"1-2\"},\"children\":[{\"type\":\"yooessentials_form_input\",\"props\":{\"control_icon_align\":\"left\",\"grid_column_gap\":\"small\",\"grid_columns_number\":\"1-2@m\",\"grid_row_gap\":\"small\",\"margin_bottom\":\"default\",\"margin_top\":\"default\",\"show_icon\":true,\"show_label\":true},\"children\":[{\"type\":\"yooessentials_form_input_text\",\"props\":{\"control_icon\":\"user\",\"control_id_inherit\":true,\"control_label\":\"J\u016bs\u0173 vardas, pavard\u0117\",\"control_label_en_us\":\"Full name\",\"control_name\":\"vardas\",\"control_required\":true}},{\"type\":\"yooessentials_form_input_tel\",\"props\":{\"control_icon\":\"phone\",\"control_id_inherit\":true,\"control_label\":\"Tel nr. \",\"control_label_en_us\":\"Phone\",\"control_name\":\"telefonas\",\"control_required\":true}},{\"type\":\"yooessentials_form_input_email\",\"props\":{\"control_icon\":\"mail\",\"control_id_inherit\":true,\"control_label\":\"El. pa\u0161tas\",\"control_label_en_us\":\"E-mail\",\"control_name\":\"pastas\",\"control_required\":true}},{\"type\":\"yooessentials_form_input_text\",\"props\":{\"control_id_inherit\":true,\"control_label\":\"Tema\",\"control_label_en_us\":\"Subject\",\"control_name\":\"tema\",\"control_required\":true}}]},{\"type\":\"yooessentials_form_textarea\",\"props\":{\"control_error_message\":\"Atsipra\u0161ome, \u012fvyko klaida. Pra\u0161ome bandyti dar kart\u0105 arba kreipkit\u0117s el. pa\u0161tu logistika.lt@hegelmann.com\",\"control_id_inherit\":true,\"control_label\":\"\u017dinut\u0117:\",\"control_label_en_us\":\"Message\",\"control_maxlength\":500,\"control_name\":\"zinute\",\"control_required\":true,\"margin_bottom\":\"default\",\"margin_top\":\"default\"}},{\"type\":\"yooessentials_form_button\",\"props\":{\"grid_column_gap\":\"small\",\"grid_row_gap\":\"small\",\"margin_bottom\":\"default\",\"margin_top\":\"default\"},\"children\":[{\"type\":\"yooessentials_form_button_submit\",\"props\":{\"button_style\":\"default\",\"content\":\"Si\u0173sti\",\"content_en_us\":\"Send\",\"icon\":\"\",\"icon_align\":\"left\"}}]},{\"type\":\"yooessentials_form_recaptcha\",\"props\":{\"control_action\":\"yoothemepro_form_submit\",\"control_badge_position\":\"bottomright\",\"control_secret_key\":\"6Ld8bssrAAAAAFdNeXDK_9OrFBaT-sItA4OuoJ3s\",\"control_site_key\":\"6Ld8bssrAAAAAKZDaESylY9Lr5uxUBsPkkuD1iFu\",\"control_size\":\"normal\",\"control_theme\":\"light\",\"control_threshold\":\"0.5\",\"control_type\":\"v3\",\"margin_bottom\":\"default\",\"margin_top\":\"default\",\"recaptcha_version\":\"v2\"}}]}]}],\"formid\":\"3848e97e\"}]}]}],\"name\":\"uzklausa\"},{\"type\":\"section\",\"props\":{\"image_position\":\"center-center\",\"padding_bottom\":\"none\",\"padding_top\":\"none\",\"style\":\"default\",\"title_breakpoint\":\"xl\",\"title_position\":\"top-left\",\"title_rotation\":\"left\",\"vertical_align\":\"middle\",\"width\":\"\"},\"children\":[{\"type\":\"row\",\"children\":[{\"type\":\"column\",\"props\":{\"image_position\":\"center-center\",\"position_sticky_breakpoint\":\"m\"},\"children\":[{\"type\":\"headline\",\"props\":{\"content\":\"Mus rasite\",\"content_en_us\":\"Our locations\",\"image_align\":\"left\",\"image_margin\":\"xsmall\",\"position\":\"absolute\",\"position_bottom\":\"420\",\"position_left\":\"100\",\"position_z_index\":\"2\",\"text_align\":\"left\",\"title_color\":\"success\",\"title_element\":\"h2\",\"title_style\":\"heading-small\",\"visibility\":\"m\"}},{\"type\":\"map\",\"props\":{\"clustering\":false,\"controls\":true,\"dragging\":true,\"height\":500,\"image_svg_color\":\"emphasis\",\"link_style\":\"default\",\"link_text\":\"Read more\",\"margin_bottom\":\"default\",\"margin_top\":\"remove\",\"marker_icon\":\"wp-content\/uploads\/2024\/08\/place-icon.svg\",\"marker_icon_height\":40,\"marker_icon_width\":40,\"max_zoom\":18,\"meta_align\":\"below-title\",\"meta_element\":\"div\",\"meta_style\":\"text-meta\",\"min_zoom\":0,\"poi\":false,\"show_content\":true,\"show_image\":true,\"show_link\":true,\"show_meta\":true,\"show_title\":true,\"title_element\":\"h3\",\"title_hover_style\":\"reset\",\"type\":\"satellite\",\"zoom\":\"3\",\"zooming\":false},\"children\":[{\"type\":\"map_item\",\"props\":{\"content\":\"\n\n<p><span>Kopyt\u00f3w 44F, budynek 6<\/span><br \/><span>05-870 B\u0142onie k. Warszawy<\/span><\/p>\n\n\\n\n\n<p><a href=\\\"mailto:logistika.lt@hegelmann.com\\\">logistika.lt@hegelmann.com<\/a><br \/><a href=\\\"tel:+37065704944\\\">+370 657 04944<\/a><\/p>\n\n\",\"location\":\"52.19963724740519,20.643106097430156\",\"title\":\"Warszawa\"}},{\"type\":\"map_item\",\"props\":{\"content\":\"\n\n<p><span>Pirkli\u0173 5,<\/span><br \/><span>LT-54310<\/span><br \/><span>Kaunas<\/span><br \/><span>LITHUANIA<\/span><\/p>\n\n\\n\n\n<p><a href=\\\"mailto:logistika.lt@hegelmann.com\\\">logistika.lt@hegelmann.com<\/a><br \/><a href=\\\"tel:+37065704944\\\">+370 657 04944<\/a><\/p>\n\n\",\"location\":\"54.9653,23.8664\",\"meta\":\"Hegelmann Logistics\",\"title\":\"Kaunas\"}},{\"type\":\"map_item\",\"props\":{\"content\":\"\n\n<p><span>Sady, ul. Za\u00a0Motelem 2D<\/span><br \/><span>62-080 Tarnowo Podg\u00f3rne<\/span><\/p>\n\n\\n\n\n<p><a href=\\\"mailto:logistika.lt@hegelmann.com\\\">logistika.lt@hegelmann.com<\/a><br \/><a href=\\\"tel:+37065704944\\\">+370 657 04944<\/a><\/p>\n\n\",\"location\":\"52.44547772371488,16.726299355112666\",\"title\":\"Pozna\u0144\"}},{\"type\":\"map_item\",\"props\":{\"content\":\"\n\n<p>1124 Windham Pkwy,<br \/>Romeoville, IL 60446<br \/>USA<\/p>\n\n\\n\n\n<p><a href=\\\"mailto:logistika.lt@hegelmann.com\\\">logistika.lt@hegelmann.com<\/a><br \/><a href=\\\"tel:+37065704944\\\">+370 657 04944<\/a><\/p>\n\n\",\"location\":\"41.663161628891444,-88.1151798606976\",\"title\":\"Romeoville\"}}]}]}]}],\"name\":\"map\"}],\"version\":\"5.0.25\",\"yooessentialsVersion\":\"3.0.2\"} --><\/p>\n","protected":false},"excerpt":{"rendered":"<p>Logistikos centro kontaktai Hegelmann logistikos centro komanda su malonumu pad\u0117s jums rasti tinkamiausius sprendimus j\u016bs\u0173 sand\u0117liavimo poreikiams ir atsakys \u012f klausimus. logistika.lt@hegelmann.com +370 657 04944 M\u016bs\u0173 logistikos centrai, strategi\u0161kai i\u0161d\u0117styti svarbiose Europos vietose, yra modern\u016bs ir veiksmingi. Jie yra Var\u0161uvoje ir Poznan\u0117je (Lenkija), taip pat Vokietijoje ir Pranc\u016bzijoje, kad gal\u0117tume patenkinti \u012fvairius klient\u0173 poreikius. Mus [&hellip;]<\/p>\n","protected":false},"author":1,"featured_media":0,"parent":0,"menu_order":0,"comment_status":"closed","ping_status":"closed","template":"","meta":{"footnotes":""},"class_list":["post-23","page","type-page","status-publish","hentry"],"_links":{"self":[{"href":"https:\/\/hegelmann-logistika.lt\/en\/wp-json\/wp\/v2\/pages\/23","targetHints":{"allow":["GET"]}}],"collection":[{"href":"https:\/\/hegelmann-logistika.lt\/en\/wp-json\/wp\/v2\/pages"}],"about":[{"href":"https:\/\/hegelmann-logistika.lt\/en\/wp-json\/wp\/v2\/types\/page"}],"author":[{"embeddable":true,"href":"https:\/\/hegelmann-logistika.lt\/en\/wp-json\/wp\/v2\/users\/1"}],"replies":[{"embeddable":true,"href":"https:\/\/hegelmann-logistika.lt\/en\/wp-json\/wp\/v2\/comments?post=23"}],"version-history":[{"count":43,"href":"https:\/\/hegelmann-logistika.lt\/en\/wp-json\/wp\/v2\/pages\/23\/revisions"}],"predecessor-version":[{"id":966,"href":"https:\/\/hegelmann-logistika.lt\/en\/wp-json\/wp\/v2\/pages\/23\/revisions\/966"}],"wp:attachment":[{"href":"https:\/\/hegelmann-logistika.lt\/en\/wp-json\/wp\/v2\/media?parent=23"}],"curies":[{"name":"wp","href":"https:\/\/api.w.org\/{rel}","templated":true}]}}