{"id":21,"date":"2024-08-14T11:24:28","date_gmt":"2024-08-14T11:24:28","guid":{"rendered":"https:\/\/trucks.hgl.mn\/?page_id=21"},"modified":"2026-03-31T07:30:59","modified_gmt":"2026-03-31T07:30:59","slug":"apie-mus","status":"publish","type":"page","link":"https:\/\/hegelmann-logistika.lt\/en\/about-us\/","title":{"rendered":"About us"},"content":{"rendered":"<div>\n<p>    <img decoding=\"async\" src=\"\/wp-content\/uploads\/2024\/09\/banner-logistika-cc.jpg\" alt=\"Logistikos paslaugos kaune\"><\/p>\n<\/div>\n<div>\n<p>    <img decoding=\"async\" src=\"\/wp-content\/uploads\/2024\/09\/banner-logistika-cc.jpg\" alt=\"Logistikos paslaugos kaune\"><\/p>\n<\/div>\n<div>Hegelmann Logistics<\/div>\n<p><img decoding=\"async\" src=\"\/wp-content\/uploads\/2024\/08\/Hegelmann-Logistika.jpg\" alt=\"Hegelmann-Logistika\"><\/p>\n<h2>Apie Mus<\/h2>\n<div>\n<p>M\u016bs\u0173 logistikos centrai, strategi\u0161kai i\u0161d\u0117styti svarbiausiuose Europos ta\u0161kuose, yra modern\u016bs ir efektyv\u016bs. Jie veikia Var\u0161uvoje ir Poznan\u0117je (Lenkija), taip pat Vokietijoje ir Pranc\u016bzijoje, u\u017etikrinant plat\u0173 veiklos mast\u0105 ir lankstum\u0105. Naudodami pa\u017eangias sand\u0117lio valdymo sistemas, vykdome sud\u0117tingus ir nestandartinius logistikos procesus, reikalaujan\u010dius papildom\u0173 veiksm\u0173. Pagrindinis Hegelmann Logistics centras, \u012fsik\u016br\u0119s \u017demaitkiemyje, Kauno rajone, Lietuvoje, u\u017eima daugiau nei 21 000 m\u00b2 sand\u0117li\u0173 ploto.<\/p>\n<\/div>\n<p><img decoding=\"async\" src=\"\/wp-content\/uploads\/2024\/08\/3pl-services-paslaugos-kaunas.jpg\" alt=\"3pl-services\"><\/p>\n<h2>M\u016bs\u0173 teikiamos paslaugos<\/h2>\n<ul>\n<li>\n<h3>1.<\/h3>\n<p><a href=\"\/sandeliavimas\/\"><\/p>\n<p><span>Sand\u0117liavimas<\/span><\/p>\n<p><\/a><\/p>\n<\/li>\n<li>\n<h3>2.<\/h3>\n<p><a href=\"\/sandeliavimas-e-komercijai\/\"><\/p>\n<p>E. komercijos paslaugos<\/p>\n<p><\/a><\/p>\n<\/li>\n<li>\n<h3>3.<\/h3>\n<p><a href=\"\/3pl-paslaugos-2\/\"><\/p>\n<p><span>3PL paslaugos<\/span><\/p>\n<p><\/a><\/p>\n<\/li>\n<li>\n<h3>4.<\/h3>\n<p><a href=\"\/akcizinis-sandelis\/\"><\/p>\n<p><span>Akcizinis sand\u0117lis<\/span><\/p>\n<p><\/a><\/p>\n<\/li>\n<li>\n<h3>5.<\/h3>\n<p><a href=\"\/zaliasis-transportas\/\"><\/p>\n<p><span>\u017daliasis transportas<\/span><\/p>\n<p><\/a><\/p>\n<\/li>\n<li>\n<h3>5.<\/h3>\n<p><a href=\"\/prekiu-zenklinimas\/\"><\/p>\n<p>\u017denklinimo ir pakavimo paslauga<\/p>\n<p><\/a><\/p>\n<\/li>\n<\/ul>\n<p><p>\n        <a href=\"\/kontaktai\/\">Kontaktai<\/a>\n    <\/p>\n<\/p>\n<p><!--more--><br \/>\n<!-- {\"type\":\"layout\",\"children\":[{\"type\":\"section\",\"props\":{\"header_transparent\":true,\"header_transparent_noplaceholder\":true,\"header_transparent_text_color\":\"light\",\"image_position\":\"center-center\",\"padding_bottom\":\"none\",\"padding_top\":\"none\",\"style\":\"default\",\"title_breakpoint\":\"xl\",\"title_position\":\"top-left\",\"title_rotation\":\"left\",\"vertical_align\":\"middle\",\"width\":\"\"},\"children\":[{\"type\":\"row\",\"children\":[{\"type\":\"column\",\"props\":{\"image_position\":\"center-center\",\"position_sticky_breakpoint\":\"m\"},\"children\":[{\"type\":\"slideshow\",\"props\":{\"link_style\":\"default\",\"link_text\":\"Read more\",\"margin_bottom\":\"remove\",\"margin_top\":\"remove\",\"meta_align\":\"above-title\",\"meta_element\":\"div\",\"meta_style\":\"text-meta\",\"nav\":\"dotnav\",\"nav_align\":\"center\",\"nav_breakpoint\":\"s\",\"nav_position\":\"bottom-center\",\"nav_position_margin\":\"\",\"overlay_animation\":\"parallax\",\"overlay_container\":\"expand\",\"overlay_container_padding\":\"xsmall\",\"overlay_position\":\"center\",\"show_content\":true,\"show_link\":true,\"show_meta\":true,\"show_thumbnail\":true,\"show_title\":true,\"slidenav\":\"default\",\"slidenav_breakpoint\":\"s\",\"slidenav_margin\":\"medium\",\"slidenav_outside_breakpoint\":\"xl\",\"slideshow_autoplay_pause\":true,\"slideshow_kenburns\":\"center-center\",\"slideshow_max_height\":\"587\",\"slideshow_min_height\":\"200\",\"slideshow_ratio\":\"16:9\",\"text_align\":\"center\",\"thumbnav_height\":\"75\",\"thumbnav_svg_color\":\"emphasis\",\"thumbnav_width\":\"100\",\"title_color\":\"success\",\"title_element\":\"h3\",\"title_hover_style\":\"reset\",\"title_style\":\"h1\",\"visibility\":\"m\"},\"children\":[{\"type\":\"slideshow_item\",\"props\":{\"image\":\"wp-content\/uploads\/2024\/09\/banner-logistika-cc.jpg\",\"image_alt\":\"Logistikos paslaugos kaune\",\"video\":\"\"}}]},{\"type\":\"slideshow\",\"props\":{\"link_style\":\"default\",\"link_text\":\"Read more\",\"margin_bottom\":\"remove\",\"margin_top\":\"remove\",\"meta_align\":\"above-title\",\"meta_element\":\"div\",\"meta_style\":\"text-meta\",\"nav\":\"dotnav\",\"nav_align\":\"center\",\"nav_breakpoint\":\"s\",\"nav_position\":\"bottom-center\",\"nav_position_margin\":\"\",\"overlay_animation\":\"parallax\",\"overlay_container\":\"expand\",\"overlay_container_padding\":\"xsmall\",\"overlay_position\":\"center\",\"show_content\":true,\"show_link\":true,\"show_meta\":true,\"show_thumbnail\":true,\"show_title\":true,\"slidenav\":\"default\",\"slidenav_breakpoint\":\"s\",\"slidenav_margin\":\"medium\",\"slidenav_outside_breakpoint\":\"xl\",\"slideshow_autoplay_pause\":true,\"slideshow_max_height\":\"587\",\"slideshow_min_height\":\"200\",\"slideshow_ratio\":\"16:9\",\"text_align\":\"center\",\"thumbnav_height\":\"75\",\"thumbnav_svg_color\":\"emphasis\",\"thumbnav_width\":\"100\",\"title_color\":\"success\",\"title_element\":\"h3\",\"title_hover_style\":\"reset\",\"title_style\":\"h1\",\"visibility\":\"hidden-m\"},\"children\":[{\"type\":\"slideshow_item\",\"props\":{\"image\":\"wp-content\/uploads\/2024\/09\/banner-logistika-cc.jpg\",\"image_alt\":\"Logistikos paslaugos kaune\",\"video\":\"\"}}]}]}],\"props\":{\"margin_bottom\":\"remove\",\"margin_top\":\"remove\"}}],\"name\":\"header\"},{\"type\":\"section\",\"props\":{\"image_position\":\"center-center\",\"style\":\"default\",\"title_breakpoint\":\"xl\",\"title_position\":\"top-left\",\"title_rotation\":\"left\",\"vertical_align\":\"\",\"width\":\"default\"},\"children\":[{\"type\":\"row\",\"props\":{\"margin_bottom\":\"default\",\"margin_top\":\"default\"},\"children\":[{\"type\":\"column\",\"props\":{\"image_position\":\"center-center\",\"position_sticky_breakpoint\":\"m\",\"width_medium\":\"1-1\"},\"children\":[{\"type\":\"breadcrumbs\",\"props\":{\"home_text\":\"Pagrindinis\",\"home_text_en_us\":\"Home\",\"show_current\":true,\"show_home\":true}},{\"type\":\"headline\",\"props\":{\"content\":\"Hegelmann Logistics\",\"image_align\":\"left\",\"image_margin\":\"xsmall\",\"margin_bottom\":\"default\",\"margin_top\":\"default\",\"title_color\":\"primary\",\"title_element\":\"div\",\"title_style\":\"h1\"}}]}]},{\"type\":\"row\",\"props\":{\"column_gap\":\"large\",\"layout\":\"1-2,1-2\",\"row_gap\":\"large\"},\"children\":[{\"type\":\"column\",\"props\":{\"image_position\":\"center-center\",\"position_sticky_breakpoint\":\"m\",\"vertical_align\":\"middle\",\"width_small\":\"1-2\"},\"children\":[{\"type\":\"image\",\"props\":{\"animation\":\"parallax\",\"image\":\"wp-content\/uploads\/2024\/08\/Hegelmann-Logistika.jpg\",\"image_alt\":\"Hegelmann-Logistika\",\"image_svg_color\":\"emphasis\",\"image_width\":\"610\",\"margin_bottom\":\"default\",\"margin_top\":\"default\",\"parallax_easing\":\"1\",\"parallax_y\":\"0,3vh\",\"text_align\":\"center\"}}]},{\"type\":\"column\",\"props\":{\"image_position\":\"center-center\",\"position_sticky_breakpoint\":\"m\",\"vertical_align\":\"middle\",\"width_small\":\"1-2\"},\"children\":[{\"type\":\"headline\",\"props\":{\"block_align\":\"center\",\"content\":\"Apie Mus\",\"content_en_us\":\"About Us\",\"image_align\":\"left\",\"image_margin\":\"xsmall\",\"maxwidth\":\"large\",\"text_align\":\"left\",\"text_align_breakpoint\":\"s\",\"text_align_fallback\":\"center\",\"title_element\":\"h2\",\"title_style\":\"h4\"}},{\"type\":\"text\",\"props\":{\"block_align\":\"center\",\"column_breakpoint\":\"m\",\"content\":\"\n\n<p>M\u016bs\u0173 logistikos centrai, strategi\u0161kai i\u0161d\u0117styti svarbiausiuose Europos ta\u0161kuose, yra modern\u016bs ir efektyv\u016bs. Jie veikia Var\u0161uvoje ir Poznan\u0117je (Lenkija), taip pat Vokietijoje ir Pranc\u016bzijoje, u\u017etikrinant plat\u0173 veiklos mast\u0105 ir lankstum\u0105. Naudodami pa\u017eangias sand\u0117lio valdymo sistemas, vykdome sud\u0117tingus ir nestandartinius logistikos procesus, reikalaujan\u010dius papildom\u0173 veiksm\u0173. Pagrindinis Hegelmann Logistics centras, \u012fsik\u016br\u0119s \u017demaitkiemyje, Kauno rajone, Lietuvoje, u\u017eima daugiau nei 21 000 m\u00b2 sand\u0117li\u0173 ploto.<\/p>\n\n\",\"content_en_us\":\"\n\n<p>Our logistics centers, strategically located in key European hubs, are modern and efficient. They operate in Warsaw and Pozna\u0144 (Poland), as well as in Germany and France, ensuring wide operational reach and flexibility. Using advanced warehouse management systems, we handle complex and non-standard logistics processes that require additional actions. The main Hegelmann Logistics center, located in \u017demaitkiemis, Kaunas District, Lithuania, occupies over 21,000 m\u00b2 of warehouse space.<\/p>\n\n\",\"margin_bottom\":\"medium\",\"margin_top\":\"medium\",\"maxwidth\":\"large\",\"maxwidth_breakpoint\":\"s\",\"text_align\":\"justify\"}}]}]},{\"type\":\"row\",\"props\":{\"column_gap\":\"large\",\"layout\":\"1-2,1-2\",\"margin_bottom\":\"large\",\"margin_top\":\"large\",\"row_gap\":\"large\"},\"children\":[{\"type\":\"column\",\"props\":{\"image_position\":\"center-center\",\"position_sticky_breakpoint\":\"m\",\"vertical_align\":\"middle\",\"width_small\":\"1-2\"},\"children\":[{\"type\":\"image\",\"props\":{\"animation\":\"parallax\",\"image\":\"wp-content\/uploads\/2024\/08\/3pl-services-paslaugos-kaunas.jpg\",\"image_alt\":\"3pl-services\",\"image_svg_color\":\"emphasis\",\"image_width\":\"620\",\"margin_bottom\":\"default\",\"margin_top\":\"default\",\"parallax_easing\":\"1\",\"parallax_y\":\"0,3vh\",\"text_align\":\"center\"}}]},{\"type\":\"column\",\"props\":{\"image_position\":\"center-center\",\"order_first\":\"s\",\"position_sticky_breakpoint\":\"m\",\"vertical_align\":\"middle\",\"width_small\":\"1-2\"},\"children\":[{\"type\":\"headline\",\"props\":{\"block_align\":\"center\",\"content\":\"M\u016bs\u0173 teikiamos paslaugos\",\"content_en_us\":\"Contacts\",\"image_align\":\"left\",\"image_margin\":\"xsmall\",\"maxwidth\":\"large\",\"text_align\":\"left\",\"text_align_breakpoint\":\"s\",\"text_align_fallback\":\"center\",\"title_element\":\"h2\",\"title_style\":\"h4\"}},{\"type\":\"description_list\",\"props\":{\"block_align\":\"center\",\"column_breakpoint\":\"m\",\"layout\":\"grid-2\",\"list_element\":\"ul\",\"margin_bottom\":\"medium\",\"margin_top\":\"medium\",\"maxwidth\":\"large\",\"maxwidth_breakpoint\":\"s\",\"meta_align\":\"below-content\",\"meta_style\":\"text-meta\",\"show_content\":true,\"show_link\":true,\"show_meta\":true,\"show_title\":true,\"text_align\":\"left\",\"title_color\":\"muted\",\"title_element\":\"div\",\"title_grid_column_gap\":\"small\",\"title_grid_row_gap\":\"small\",\"title_grid_width\":\"auto\",\"title_style\":\"h5\"},\"children\":[{\"type\":\"description_list_item\",\"props\":{\"content\":\"\n\n<p><span>Sand\u0117liavimas<\/span><\/p>\n\n\",\"content_en_us\":\"\n\n<p>Warehousing<\/p>\n\n\",\"link\":\"sandeliavimas\/\",\"link_en_us\":\"\/en\/warehousing\/\",\"title\":\"1.\"}},{\"type\":\"description_list_item\",\"props\":{\"content\":\"\n\n<p>E. komercijos paslaugos<\/p>\n\n\",\"content_en_us\":\"\n\n<p>E-shop Services<\/p>\n\n\",\"link\":\"sandeliavimas-e-komercijai\/\",\"link_en_us\":\"\/en\/e-shop\/\",\"title\":\"2.\"}},{\"type\":\"description_list_item\",\"props\":{\"content\":\"\n\n<p><span>3PL paslaugos<\/span><\/p>\n\n\",\"content_en_us\":\"\n\n<p>3PL Services<\/p>\n\n\",\"link\":\"3pl-paslaugos-2\/\",\"link_en_us\":\"\/en\/3pl-services\/\",\"title\":\"3.\"}},{\"type\":\"description_list_item\",\"props\":{\"content\":\"\n\n<p><span>Akcizinis sand\u0117lis<\/span><\/p>\n\n\",\"content_en_us\":\"\n\n<p>Excise Warehouse<\/p>\n\n\",\"link\":\"akcizinis-sandelis\/\",\"link_en_us\":\"\/en\/excise-warehouse\/\",\"title\":\"4.\"}},{\"type\":\"description_list_item\",\"props\":{\"content\":\"\n\n<p><span>\u017daliasis transportas<\/span><\/p>\n\n\",\"content_en_us\":\"\n\n<p>Green Transport<\/p>\n\n\",\"link\":\"zaliasis-transportas\/\",\"link_en_us\":\"\/en\/green-transport\/\",\"title\":\"5.\"}},{\"type\":\"description_list_item\",\"props\":{\"content\":\"\n\n<p>\u017denklinimo ir pakavimo paslauga<\/p>\n\n\",\"content_en_us\":\"\n\n<p>Labeling and Packaging Services<\/p>\n\n\",\"link\":\"prekiu-zenklinimas\/\",\"link_en_us\":\"\/en\/labeling-and-packaging-services\/\",\"title\":\"5.\"}}]},{\"type\":\"button\",\"props\":{\"block_align\":\"center\",\"button_size\":\"large\",\"grid_column_gap\":\"small\",\"grid_row_gap\":\"small\",\"margin_bottom\":\"default\",\"margin_top\":\"default\",\"maxwidth\":\"large\",\"maxwidth_breakpoint\":\"s\",\"text_align\":\"left\",\"text_align_breakpoint\":\"s\",\"text_align_fallback\":\"center\"},\"children\":[{\"type\":\"button_item\",\"props\":{\"button_style\":\"primary\",\"content\":\"Kontaktai\",\"content_en_us\":\"Contacts\",\"dialog_layout\":\"modal\",\"dialog_offcanvas_flip\":true,\"icon_align\":\"left\",\"link\":\"kontaktai\/\",\"link_en_us\":\"\/en\/contacts\/\"}}]}]}]}],\"name\":\"About\"},{\"type\":\"section\",\"props\":{\"id\":\"uzklausa\",\"image_position\":\"center-center\",\"style\":\"secondary\",\"title_breakpoint\":\"xl\",\"title_position\":\"top-left\",\"title_rotation\":\"left\",\"vertical_align\":\"middle\",\"width\":\"default\"},\"children\":[{\"type\":\"row\",\"children\":[{\"type\":\"column\",\"props\":{\"image_position\":\"center-center\",\"position_sticky_breakpoint\":\"m\"},\"children\":[{\"type\":\"yooessentials_form\",\"props\":{\"form_actions\":[{\"type\":\"email\",\"props\":{\"html\":true,\"attachments\":[null],\"submitted_attachments\":[null],\"subject\":\"{vardas} u\u017eklausa - hegelmann-logistika.lt\",\"recipients\":\"logistika.lt@hegelmann.com\",\"body\":\"\n\n<p>U\u017eklausa gauta i\u0161 <br \/><em>hegelmann-logistika.lt\/paslaugos<\/em><\/p>\n\n\\n\n\n<p><strong>Vardas:<\/strong> {vardas}<br \/><strong>Tel nr:<\/strong> {telefonas}<br \/><strong>E-mail:<\/strong> {pastas}<br \/><strong>Tema:<\/strong> {tema}\n\n<strong>\u017dinut\u0117:<\/strong> {zinute}<\/p>\n\n\",\"from_name\":\"\",\"ccs\":\"sjurkus@hegelmann.com, ejagelaite@hegelmann.com\"},\"id\":\"68c95cb4f32f0\"},{\"type\":\"redirect\",\"id\":\"768877\",\"props\":{\"redirect\":\"thank-you-paslaugos\/\"}}],\"form_settings_action_method\":\"POST\",\"form_settings_html5validation\":true,\"form_settings_override_action_url\":false,\"form_settings_reset_after_submit\":true,\"margin_bottom\":\"default\",\"margin_top\":\"default\"},\"children\":[{\"type\":\"row\",\"props\":{\"layout\":\"1-2,1-2\"},\"children\":[{\"type\":\"column\",\"props\":{\"image_position\":\"center-center\",\"position_sticky_breakpoint\":\"m\",\"width_medium\":\"1-2\"},\"children\":[{\"type\":\"headline\",\"props\":{\"content\":\"Nerandate to, ko ie\u0161kote? Pateikite u\u017eklaus\u0105\",\"content_en_us\":\"Submit a request\",\"image_align\":\"left\",\"image_margin\":\"xsmall\",\"title_element\":\"h3\"}},{\"type\":\"text\",\"props\":{\"column_breakpoint\":\"m\",\"content\":\"\n\n<p><span>Turite daugiau klausim\u0173? M\u016bs\u0173 komanda pasiruo\u0161usi jums pad\u0117ti!<\/span><br \/><span>Susisiekite telefonu ar el. pa\u0161tu.<\/span><\/p>\n\n\",\"content_en_us\":\"\n\n<p><span>Do you have any more questions? Our team is ready to help you!<\/span><br \/><span>Contact us by phone or email.<\/span><\/p>\n\n\",\"margin_bottom\":\"default\",\"margin_top\":\"default\"}},{\"type\":\"button\",\"props\":{\"grid_column_gap\":\"small\",\"grid_row_gap\":\"small\",\"margin_bottom\":\"default\",\"margin_top\":\"default\"},\"children\":[{\"type\":\"button_item\",\"props\":{\"button_style\":\"default\",\"content\":\"+370 657 04944\",\"dialog_layout\":\"modal\",\"dialog_offcanvas_flip\":true,\"icon\":\"receiver\",\"icon_align\":\"left\",\"link\":\"tel:+37065704944\",\"link_title\":\"Skambinti\"}},{\"type\":\"button_item\",\"props\":{\"button_style\":\"default\",\"content\":\"logistika.lt@hegelmann.com\",\"dialog_layout\":\"modal\",\"dialog_offcanvas_flip\":true,\"icon\":\"mail\",\"icon_align\":\"left\",\"link\":\"mailto:logistika.lt@hegelmann.com\",\"link_title\":\"Susisiekite el. pa\u0161tu\"}}]},{\"type\":\"button\",\"props\":{\"grid_column_gap\":\"small\",\"grid_row_gap\":\"small\",\"margin_bottom\":\"default\",\"margin_top\":\"default\"},\"children\":[{\"type\":\"button_item\",\"props\":{\"button_style\":\"default\",\"content\":\"Susisiekite\",\"content_en_us\":\"Contact us\",\"dialog_layout\":\"modal\",\"dialog_offcanvas_flip\":true,\"icon\":\"info\",\"icon_align\":\"left\",\"link\":\"kontaktai\/\",\"link_aria_label\":\"Kontaktai\",\"link_en_us\":\"\/en\/contacts\",\"link_title\":\"Kontaktai\",\"link_title_en_us\":\"Get in touch\"}}]},{\"type\":\"text\",\"props\":{\"class\":\"text-borderis\",\"column_breakpoint\":\"m\",\"content\":\"\n\n<p>\u0160i forma n\u0117ra skirta darbo u\u017eklausoms, tod\u0117l \u012f jas nebus atsakoma. Jei norite kreiptis d\u0117l darbo, si\u0173skite CV ir u\u017eklaus\u0105 el. pa\u0161tu: vsinkeviciene@hegelmann.com arba telefonu: +37066036069<\/p>\n\n\",\"content_en_us\":\"\n\n<p>This form is intended for general inquiries only. Unfortunately, job-related messages will not receive a response. If you wish to apply for a job, please send your CV and inquiry by email to: vsinkeviciene@hegelmann.com or by phone: +37066036069<\/p>\n\n\",\"margin_bottom\":\"default\",\"margin_top\":\"default\"}}]},{\"type\":\"column\",\"props\":{\"image_position\":\"center-center\",\"position_sticky_breakpoint\":\"m\",\"width_medium\":\"1-2\"},\"children\":[{\"type\":\"yooessentials_form_input\",\"props\":{\"control_icon_align\":\"left\",\"grid_column_gap\":\"small\",\"grid_columns_number\":\"1-2@m\",\"grid_row_gap\":\"small\",\"margin_bottom\":\"default\",\"margin_top\":\"default\",\"show_icon\":true,\"show_label\":true},\"children\":[{\"type\":\"yooessentials_form_input_text\",\"props\":{\"control_icon\":\"user\",\"control_id_inherit\":true,\"control_label\":\"J\u016bs\u0173 vardas, pavard\u0117\",\"control_label_en_us\":\"Full name\",\"control_name\":\"vardas\",\"control_required\":true}},{\"type\":\"yooessentials_form_input_email\",\"props\":{\"control_icon\":\"mail\",\"control_id_inherit\":true,\"control_label\":\"El. pa\u0161tas\",\"control_label_en_us\":\"E-mail\",\"control_name\":\"pastas\",\"control_required\":true}},{\"type\":\"yooessentials_form_input_text\",\"props\":{\"control_icon\":\"file-edit\",\"control_id_inherit\":true,\"control_label\":\"Tema\",\"control_label_en_us\":\"Subject\",\"control_name\":\"tema\",\"control_required\":true}},{\"type\":\"yooessentials_form_input_tel\",\"props\":{\"control_icon\":\"phone\",\"control_id_inherit\":true,\"control_label\":\"Tel nr. \",\"control_label_en_us\":\"Phone\",\"control_maxlength\":15,\"control_minlength\":5,\"control_name\":\"telefonas\",\"control_required\":true}}]},{\"type\":\"yooessentials_form_textarea\",\"props\":{\"control_error_message\":\"Atsipra\u0161ome, \u012fvyko klaida. Pra\u0161ome bandyti dar kart\u0105 arba kreipkit\u0117s el. pa\u0161tu logistika.lt@hegelmann.com\",\"control_id_inherit\":true,\"control_label\":\"\u017dinut\u0117:\",\"control_label_en_us\":\"Message\",\"control_maxlength\":500,\"control_name\":\"zinute\",\"control_required\":true,\"margin_bottom\":\"default\",\"margin_top\":\"default\"}},{\"type\":\"yooessentials_form_button\",\"props\":{\"grid_column_gap\":\"small\",\"grid_row_gap\":\"small\",\"margin_bottom\":\"default\",\"margin_top\":\"default\"},\"children\":[{\"type\":\"yooessentials_form_button_submit\",\"props\":{\"button_style\":\"default\",\"content\":\"Si\u0173sti\",\"content_en_us\":\"Send\",\"icon\":\"\",\"icon_align\":\"left\"}}]},{\"type\":\"yooessentials_form_recaptcha\",\"props\":{\"control_action\":\"yoothemepro_form_submit\",\"control_badge_position\":\"bottomright\",\"control_secret_key\":\"6Ld8bssrAAAAAFdNeXDK_9OrFBaT-sItA4OuoJ3s\",\"control_site_key\":\"6Ld8bssrAAAAAKZDaESylY9Lr5uxUBsPkkuD1iFu\",\"control_size\":\"normal\",\"control_theme\":\"light\",\"control_threshold\":\"0.5\",\"control_type\":\"v3\",\"margin_bottom\":\"default\",\"margin_top\":\"default\",\"recaptcha_version\":\"v2\"}}]}]}],\"formid\":\"33ca0651\"}]}]}],\"name\":\"2026-01-09_forma-siuntimo-blue\"}],\"version\":\"5.0.25\",\"yooessentialsVersion\":\"3.0.2\"} --><\/p>\n","protected":false},"excerpt":{"rendered":"<p>Hegelmann Logistics Apie Mus M\u016bs\u0173 logistikos centrai, strategi\u0161kai i\u0161d\u0117styti svarbiausiuose Europos ta\u0161kuose, yra modern\u016bs ir efektyv\u016bs. Jie veikia Var\u0161uvoje ir Poznan\u0117je (Lenkija), taip pat Vokietijoje ir Pranc\u016bzijoje, u\u017etikrinant plat\u0173 veiklos mast\u0105 ir lankstum\u0105. Naudodami pa\u017eangias sand\u0117lio valdymo sistemas, vykdome sud\u0117tingus ir nestandartinius logistikos procesus, reikalaujan\u010dius papildom\u0173 veiksm\u0173. Pagrindinis Hegelmann Logistics centras, \u012fsik\u016br\u0119s \u017demaitkiemyje, Kauno rajone, [&hellip;]<\/p>\n","protected":false},"author":1,"featured_media":0,"parent":0,"menu_order":0,"comment_status":"closed","ping_status":"closed","template":"","meta":{"footnotes":""},"class_list":["post-21","page","type-page","status-publish","hentry"],"_links":{"self":[{"href":"https:\/\/hegelmann-logistika.lt\/en\/wp-json\/wp\/v2\/pages\/21","targetHints":{"allow":["GET"]}}],"collection":[{"href":"https:\/\/hegelmann-logistika.lt\/en\/wp-json\/wp\/v2\/pages"}],"about":[{"href":"https:\/\/hegelmann-logistika.lt\/en\/wp-json\/wp\/v2\/types\/page"}],"author":[{"embeddable":true,"href":"https:\/\/hegelmann-logistika.lt\/en\/wp-json\/wp\/v2\/users\/1"}],"replies":[{"embeddable":true,"href":"https:\/\/hegelmann-logistika.lt\/en\/wp-json\/wp\/v2\/comments?post=21"}],"version-history":[{"count":29,"href":"https:\/\/hegelmann-logistika.lt\/en\/wp-json\/wp\/v2\/pages\/21\/revisions"}],"predecessor-version":[{"id":964,"href":"https:\/\/hegelmann-logistika.lt\/en\/wp-json\/wp\/v2\/pages\/21\/revisions\/964"}],"wp:attachment":[{"href":"https:\/\/hegelmann-logistika.lt\/en\/wp-json\/wp\/v2\/media?parent=21"}],"curies":[{"name":"wp","href":"https:\/\/api.w.org\/{rel}","templated":true}]}}