{"id":168,"date":"2024-09-12T06:26:02","date_gmt":"2024-09-12T06:26:02","guid":{"rendered":"https:\/\/trucks.hgl.mn\/?page_id=168"},"modified":"2026-03-31T09:31:09","modified_gmt":"2026-03-31T09:31:09","slug":"planai","status":"publish","type":"page","link":"https:\/\/hegelmann-logistika.lt\/en\/pricing\/","title":{"rendered":"Pricing"},"content":{"rendered":"<div>\n<p>    <img decoding=\"async\" src=\"\/wp-content\/uploads\/2026\/03\/paslaugu-planai-logistikoje-1920x1080-1.jpg\" alt=\"Logistikos paslaugu planai\"><\/p>\n<\/div>\n<h1><span data-teams=\"true\"><span class=\"ui-provider a b c d e f g h i j k l m n o p q r s t u v w x y z ab ac ae af ag ah ai aj ak\" dir=\"ltr\">Paslaug\u0173 planai<\/span><\/span><\/h1>\n<div>\n<p>Lankst\u016bs sand\u0117liavimo paslaug\u0173 planai \u2013 pagal J\u016bs\u0173 poreikius<\/p>\n<p>Naudodamiesi Hegelmann Logistics sand\u0117liavimo paslaugomis, gausite ai\u0161k\u0173 ir paprast\u0105 kainodaros model\u012f, kuris apima preki\u0173 pri\u0117mim\u0105, sand\u0117liavim\u0105, pakavim\u0105, i\u0161siuntim\u0105 ir gr\u0105\u017einim\u0173 valdym\u0105.<\/p>\n<\/div>\n<h2>Startas<\/h2>\n<ul>\n<li>\n<div>\n<p>6 m3 vietos<\/p>\n<\/div>\n<\/li>\n<li>\n<div>\n<p>Preki\u0173 u\u017esakymas<\/p>\n<\/div>\n<\/li>\n<li>\n<div>\n<p>Pakavimas<\/p>\n<\/div>\n<\/li>\n<li>\n<div>\n<p>I\u0161siuntimas<\/p>\n<\/div>\n<\/li>\n<li>\n<div>\n<p>Stock prie\u017ei\u016bra<\/p>\n<\/div>\n<\/li>\n<\/ul>\n<h4>Kaina 200 \u20ac \/ m\u0117n<\/h4>\n<h2>Verslas<\/h2>\n<ul>\n<li>\n<div>\n<p>11 m3 vietos<\/p>\n<\/div>\n<\/li>\n<li>\n<div>\n<p>iki 200 u\u017esakym\u0173<\/p>\n<\/div>\n<\/li>\n<li>\n<div>\n<p>Pakavimas<\/p>\n<\/div>\n<\/li>\n<li>\n<div>\n<p>I\u0161siuntimas<\/p>\n<\/div>\n<\/li>\n<li>\n<div>\n<p>Stock prie\u017ei\u016bra<\/p>\n<\/div>\n<\/li>\n<li>\n<div>\n<p>Preki\u0173 papildymas<\/p>\n<\/div>\n<\/li>\n<li>\n<div>\n<p>Pagalba<\/p>\n<\/div>\n<\/li>\n<\/ul>\n<h4>Kaina 500 \u20ac \/ m\u0117n<\/h4>\n<h2>Partneris<\/h2>\n<ul>\n<li>\n<div>\n<p>1000+ Pale\u010di\u0173 sand\u0117liavimas<\/p>\n<\/div>\n<\/li>\n<li>\n<div>\n<p>Produkcijos kokyb\u0117s patikra<\/p>\n<\/div>\n<\/li>\n<li>\n<div>\n<p>\u017denklinimas ir pakavimas<\/p>\n<\/div>\n<\/li>\n<li>\n<div>\n<p>5+ vilkik\u0173 aptarnavimas per dien\u0105<\/p>\n<\/div>\n<\/li>\n<li>\n<div>\n<p>Preki\u0173 inventorizavimas<\/p>\n<\/div>\n<\/li>\n<li>\n<div>\n<p>Saugojimas ma\u017eesn\u0117se lentynose ir atrinkimas vienetais<\/p>\n<\/div>\n<\/li>\n<li>\n<div>\n<p>Specialus transportas pagal kliento poreik\u012f<\/p>\n<\/div>\n<\/li>\n<\/ul>\n<p><p>\n        <a href=\"\/kontaktai\/\">Susisiekite<\/a>\n    <\/p>\n<\/p>\n<p><!--more--><br \/>\n<!-- {\"type\":\"layout\",\"children\":[{\"type\":\"section\",\"props\":{\"header_transparent\":true,\"header_transparent_noplaceholder\":true,\"header_transparent_text_color\":\"light\",\"image_position\":\"center-center\",\"padding_bottom\":\"none\",\"padding_top\":\"none\",\"style\":\"default\",\"title_breakpoint\":\"xl\",\"title_position\":\"top-left\",\"title_rotation\":\"left\",\"vertical_align\":\"middle\",\"width\":\"\"},\"children\":[{\"type\":\"row\",\"children\":[{\"type\":\"column\",\"props\":{\"image_position\":\"center-center\",\"position_sticky_breakpoint\":\"m\"},\"children\":[{\"type\":\"slideshow\",\"props\":{\"link_style\":\"default\",\"link_text\":\"Read more\",\"margin_bottom\":\"remove\",\"margin_top\":\"remove\",\"meta_align\":\"above-title\",\"meta_element\":\"div\",\"meta_style\":\"text-meta\",\"nav\":\"dotnav\",\"nav_align\":\"center\",\"nav_breakpoint\":\"s\",\"nav_position\":\"bottom-center\",\"nav_position_margin\":\"\",\"overlay_animation\":\"parallax\",\"overlay_container\":\"expand\",\"overlay_container_padding\":\"xsmall\",\"overlay_position\":\"center\",\"show_content\":true,\"show_link\":true,\"show_meta\":true,\"show_thumbnail\":true,\"show_title\":true,\"slidenav\":\"default\",\"slidenav_breakpoint\":\"s\",\"slidenav_margin\":\"medium\",\"slidenav_outside_breakpoint\":\"xl\",\"slideshow_autoplay_pause\":true,\"slideshow_kenburns\":\"bottom-center\",\"slideshow_kenburns_duration\":\"10\",\"slideshow_max_height\":\"600\",\"slideshow_min_height\":\"200\",\"slideshow_ratio\":\"16:9\",\"text_align\":\"center\",\"thumbnav_height\":\"75\",\"thumbnav_svg_color\":\"emphasis\",\"thumbnav_width\":\"100\",\"title_color\":\"success\",\"title_element\":\"h3\",\"title_hover_style\":\"reset\",\"title_style\":\"h1\"},\"children\":[{\"type\":\"slideshow_item\",\"props\":{\"image\":\"wp-content\/uploads\/2026\/03\/paslaugu-planai-logistikoje-1920x1080-1.jpg\",\"image_alt\":\"Logistikos paslaugu planai\",\"video\":\"\"}}]}]}],\"props\":{\"margin_bottom\":\"remove\",\"margin_top\":\"remove\"}}],\"name\":\"header\"},{\"type\":\"section\",\"props\":{\"image_position\":\"center-center\",\"style\":\"default\",\"title_breakpoint\":\"xl\",\"title_position\":\"top-left\",\"title_rotation\":\"left\",\"vertical_align\":\"middle\",\"width\":\"default\"},\"children\":[{\"type\":\"row\",\"children\":[{\"type\":\"column\",\"props\":{\"image_position\":\"center-center\",\"position_sticky_breakpoint\":\"m\"},\"children\":[{\"type\":\"breadcrumbs\",\"props\":{\"home_text\":\"Pagrindinis\",\"home_text_en_us\":\"Home\",\"show_current\":true,\"show_home\":true}},{\"type\":\"headline\",\"props\":{\"content\":\"<span data-teams=\\\"true\\\"><span class=\\\"ui-provider a b c d e f g h i j k l m n o p q r s t u v w x y z ab ac ae af ag ah ai aj ak\\\" dir=\\\"ltr\\\">Paslaug\u0173 planai<\/span><\/span>\",\"content_en_us\":\"Service plans\",\"image_align\":\"left\",\"image_margin\":\"xsmall\",\"title_element\":\"h1\"}},{\"type\":\"text\",\"props\":{\"column_breakpoint\":\"m\",\"content\":\"\n\n<p>Lankst\u016bs sand\u0117liavimo paslaug\u0173 planai \u2013 pagal J\u016bs\u0173 poreikius<\/p>\n\n\\n\n\n<p>Naudodamiesi Hegelmann Logistics sand\u0117liavimo paslaugomis, gausite ai\u0161k\u0173 ir paprast\u0105 kainodaros model\u012f, kuris apima preki\u0173 pri\u0117mim\u0105, sand\u0117liavim\u0105, pakavim\u0105, i\u0161siuntim\u0105 ir gr\u0105\u017einim\u0173 valdym\u0105.<\/p>\n\n\",\"content_en_us\":\"\n\n<p>Flexible warehousing service plans \u2013 tailored to your needs<\/p>\n\n\\n\n\n<p>By using Hegelmann Logistics\u2019 warehousing services, you get a clear and simple pricing model that covers goods receipt, storage, packing, shipping, and returns management.<\/p>\n\n\",\"margin_bottom\":\"default\",\"margin_top\":\"default\"}},{\"type\":\"fragment\",\"props\":{\"margin_bottom\":\"default\",\"margin_top\":\"default\"},\"children\":[{\"type\":\"row\",\"props\":{\"layout\":\"1-3,1-3,1-3\"},\"children\":[{\"type\":\"column\",\"props\":{\"image_position\":\"center-center\",\"position_sticky_breakpoint\":\"m\",\"style\":\"card-default\",\"width_medium\":\"1-3\"},\"children\":[{\"type\":\"headline\",\"props\":{\"content\":\"Startas\",\"content_en_us\":\"Start\",\"image_align\":\"left\",\"image_margin\":\"xsmall\",\"text_align\":\"center\",\"title_element\":\"h2\"}},{\"type\":\"grid\",\"props\":{\"content_align\":false,\"content_column_breakpoint\":\"m\",\"content_dropcap\":false,\"content_margin\":\"small\",\"filter\":false,\"filter_align\":\"left\",\"filter_all\":true,\"filter_grid_breakpoint\":\"m\",\"filter_grid_width\":\"auto\",\"filter_position\":\"top\",\"filter_style\":\"tab\",\"grid_column_align\":false,\"grid_column_gap\":\"small\",\"grid_default\":\"1\",\"grid_divider\":false,\"grid_large\":\"1\",\"grid_medium\":\"1\",\"grid_parallax\":\"90\",\"grid_row_align\":false,\"grid_row_gap\":\"small\",\"grid_small\":\"1\",\"grid_xlarge\":\"1\",\"image_align\":\"left\",\"image_grid_breakpoint\":\"m\",\"image_grid_column_gap\":\"small\",\"image_grid_row_gap\":\"small\",\"image_grid_width\":\"auto\",\"image_loading\":false,\"image_svg_color\":\"warning\",\"image_vertical_align\":false,\"image_width\":\"20\",\"item_animation\":true,\"lightbox_bg_close\":true,\"link_fullwidth\":false,\"link_style\":\"default\",\"link_text\":\"Read more\",\"margin_bottom\":\"default\",\"margin_top\":\"default\",\"meta_align\":\"below-title\",\"meta_element\":\"div\",\"meta_style\":\"text-meta\",\"show_content\":true,\"show_hover_image\":true,\"show_hover_video\":true,\"show_image\":true,\"show_link\":true,\"show_meta\":true,\"show_title\":true,\"show_video\":true,\"text_align\":\"left\",\"title_align\":\"top\",\"title_element\":\"div\",\"title_grid_breakpoint\":\"m\",\"title_grid_width\":\"small\",\"title_hover_style\":\"reset\"},\"children\":[{\"type\":\"grid_item\",\"props\":{\"content\":\"\n\n<p>6 m3 vietos<\/p>\n\n\",\"content_en_us\":\"\n\n<p><span>6 m\u00b3 of space<\/span><\/p>\n\n\",\"icon\":\"plus-circle\",\"title\":\"\"}},{\"type\":\"grid_item\",\"props\":{\"content\":\"\n\n<p>Preki\u0173 u\u017esakymas<\/p>\n\n\",\"content_en_us\":\"\n\n<p><span>Order processing<\/span><\/p>\n\n\",\"icon\":\"plus-circle\",\"title\":\"\"}},{\"type\":\"grid_item\",\"props\":{\"content\":\"\n\n<p>Pakavimas<\/p>\n\n\",\"content_en_us\":\"\n\n<p><span>Packing<\/span><\/p>\n\n\",\"icon\":\"plus-circle\",\"title\":\"\"}},{\"type\":\"grid_item\",\"props\":{\"content\":\"\n\n<p>I\u0161siuntimas<\/p>\n\n\",\"content_en_us\":\"\n\n<p>Shipping<\/p>\n\n\",\"icon\":\"plus-circle\",\"title\":\"\"}},{\"type\":\"grid_item\",\"props\":{\"content\":\"\n\n<p>Stock prie\u017ei\u016bra<\/p>\n\n\",\"content_en_us\":\"\n\n<p>Stock management<\/p>\n\n\",\"icon\":\"plus-circle\",\"title\":\"\"}}]},{\"type\":\"headline\",\"props\":{\"content\":\"Kaina 200 \u20ac \/ m\u0117n\",\"content_en_us\":\"<span>Price: \u20ac200 \/ month<\/span>\",\"image_align\":\"left\",\"image_margin\":\"xsmall\",\"text_align\":\"center\",\"title_element\":\"h4\"}}]},{\"type\":\"column\",\"props\":{\"image_position\":\"center-center\",\"position_sticky_breakpoint\":\"m\",\"style\":\"card-primary\",\"width_medium\":\"1-3\"},\"children\":[{\"type\":\"headline\",\"props\":{\"content\":\"Verslas\",\"content_en_us\":\"Business\",\"image_align\":\"left\",\"image_margin\":\"xsmall\",\"text_align\":\"center\",\"title_element\":\"h2\"}},{\"type\":\"grid\",\"props\":{\"content_column_breakpoint\":\"m\",\"content_margin\":\"small\",\"filter\":false,\"filter_align\":\"left\",\"filter_all\":true,\"filter_grid_breakpoint\":\"m\",\"filter_grid_width\":\"auto\",\"filter_position\":\"top\",\"filter_style\":\"tab\",\"grid_column_align\":false,\"grid_column_gap\":\"small\",\"grid_default\":\"1\",\"grid_divider\":false,\"grid_large\":\"1\",\"grid_medium\":\"1\",\"grid_parallax\":\"180\",\"grid_row_align\":false,\"grid_row_gap\":\"small\",\"grid_small\":\"1\",\"grid_xlarge\":\"1\",\"image_align\":\"left\",\"image_grid_breakpoint\":\"m\",\"image_grid_column_gap\":\"small\",\"image_grid_row_gap\":\"small\",\"image_grid_width\":\"auto\",\"image_loading\":false,\"image_svg_color\":\"warning\",\"image_vertical_align\":false,\"image_width\":\"20\",\"item_animation\":true,\"lightbox_bg_close\":true,\"link_fullwidth\":false,\"link_style\":\"default\",\"link_text\":\"Read more\",\"margin_bottom\":\"default\",\"margin_top\":\"default\",\"meta_align\":\"below-title\",\"meta_element\":\"div\",\"meta_style\":\"text-meta\",\"show_content\":true,\"show_hover_image\":true,\"show_hover_video\":true,\"show_image\":true,\"show_link\":true,\"show_meta\":true,\"show_title\":true,\"show_video\":true,\"title_align\":\"top\",\"title_element\":\"h4\",\"title_grid_breakpoint\":\"m\",\"title_grid_width\":\"1-2\",\"title_hover_style\":\"reset\"},\"children\":[{\"type\":\"grid_item\",\"props\":{\"content\":\"\n\n<p>11 m3 vietos<\/p>\n\n\",\"content_en_us\":\"\n\n<p>11 m\u00b3 of space<\/p>\n\n\",\"icon\":\"plus-circle\",\"title\":\"\"}},{\"type\":\"grid_item\",\"props\":{\"content\":\"\n\n<p>iki 200 u\u017esakym\u0173<\/p>\n\n\",\"content_en_us\":\"\n\n<p>Up to 200 orders<\/p>\n\n\",\"icon\":\"plus-circle\",\"title\":\"\"}},{\"type\":\"grid_item\",\"props\":{\"content\":\"\n\n<p>Pakavimas<\/p>\n\n\",\"content_en_us\":\"\n\n<p>Packing<\/p>\n\n\",\"icon\":\"plus-circle\",\"title\":\"\"}},{\"type\":\"grid_item\",\"props\":{\"content\":\"\n\n<p>I\u0161siuntimas<\/p>\n\n\",\"content_en_us\":\"\n\n<p>Shipping<\/p>\n\n\",\"icon\":\"plus-circle\",\"title\":\"\"}},{\"type\":\"grid_item\",\"props\":{\"content\":\"\n\n<p>Stock prie\u017ei\u016bra<\/p>\n\n\",\"content_en_us\":\"\n\n<p>Stock management<\/p>\n\n\",\"icon\":\"plus-circle\",\"title\":\"\"}},{\"type\":\"grid_item\",\"props\":{\"content\":\"\n\n<p>Preki\u0173 papildymas<\/p>\n\n\",\"content_en_us\":\"\n\n<p>Product replenishment<\/p>\n\n\",\"icon\":\"plus-circle\",\"title\":\"\"}},{\"type\":\"grid_item\",\"props\":{\"content\":\"\n\n<p>Pagalba<\/p>\n\n\",\"content_en_us\":\"\n\n<p>Support<\/p>\n\n\",\"icon\":\"plus-circle\",\"title\":\"\"}}]},{\"type\":\"headline\",\"props\":{\"content\":\"Kaina 500 \u20ac \/ m\u0117n\",\"content_en_us\":\"Price: \u20ac500 \/ month\",\"image_align\":\"left\",\"image_margin\":\"xsmall\",\"text_align\":\"center\",\"title_element\":\"h4\"}}]},{\"type\":\"column\",\"props\":{\"image_position\":\"center-center\",\"position_sticky_breakpoint\":\"m\",\"style\":\"card-default\",\"width_medium\":\"1-3\"},\"children\":[{\"type\":\"headline\",\"props\":{\"content\":\"Partneris\",\"content_en_us\":\"Partner\",\"image_align\":\"left\",\"image_margin\":\"xsmall\",\"text_align\":\"center\",\"title_element\":\"h2\"}},{\"type\":\"grid\",\"props\":{\"content_column_breakpoint\":\"m\",\"content_margin\":\"small\",\"filter\":false,\"filter_align\":\"left\",\"filter_all\":true,\"filter_grid_breakpoint\":\"m\",\"filter_grid_width\":\"auto\",\"filter_position\":\"top\",\"filter_style\":\"tab\",\"grid_column_align\":false,\"grid_column_gap\":\"small\",\"grid_default\":\"1\",\"grid_divider\":false,\"grid_large\":\"1\",\"grid_medium\":\"1\",\"grid_parallax\":\"180\",\"grid_row_align\":false,\"grid_row_gap\":\"small\",\"grid_small\":\"1\",\"grid_xlarge\":\"1\",\"image_align\":\"left\",\"image_grid_breakpoint\":\"m\",\"image_grid_column_gap\":\"small\",\"image_grid_row_gap\":\"small\",\"image_grid_width\":\"auto\",\"image_loading\":false,\"image_svg_color\":\"warning\",\"image_vertical_align\":false,\"image_width\":\"20\",\"item_animation\":true,\"lightbox_bg_close\":true,\"link_fullwidth\":false,\"link_style\":\"default\",\"link_text\":\"Read more\",\"margin_bottom\":\"default\",\"margin_top\":\"default\",\"meta_align\":\"below-title\",\"meta_element\":\"div\",\"meta_style\":\"text-meta\",\"show_content\":true,\"show_hover_image\":true,\"show_hover_video\":true,\"show_image\":true,\"show_link\":true,\"show_meta\":true,\"show_title\":true,\"show_video\":true,\"title_align\":\"top\",\"title_element\":\"h4\",\"title_grid_breakpoint\":\"m\",\"title_grid_width\":\"1-2\",\"title_hover_style\":\"reset\"},\"children\":[{\"type\":\"grid_item\",\"props\":{\"content\":\"\n\n<p>1000+ Pale\u010di\u0173 sand\u0117liavimas<\/p>\n\n\",\"content_en_us\":\"\n\n<p>Storage of 1,000+ pallets<\/p>\n\n\",\"icon\":\"plus-circle\",\"title\":\"\"}},{\"type\":\"grid_item\",\"props\":{\"content\":\"\n\n<p>Produkcijos kokyb\u0117s patikra<\/p>\n\n\",\"content_en_us\":\"\n\n<p>Product quality inspection<\/p>\n\n\",\"icon\":\"plus-circle\",\"title\":\"\"}},{\"type\":\"grid_item\",\"props\":{\"content\":\"\n\n<p>\u017denklinimas ir pakavimas<\/p>\n\n\",\"content_en_us\":\"\n\n<p>Labeling and packaging<\/p>\n\n\",\"icon\":\"plus-circle\",\"title\":\"\"}},{\"type\":\"grid_item\",\"props\":{\"content\":\"\n\n<p>5+ vilkik\u0173 aptarnavimas per dien\u0105<\/p>\n\n\",\"content_en_us\":\"\n\n<p>Handling 5+ trucks per day<\/p>\n\n\",\"icon\":\"plus-circle\",\"title\":\"\"}},{\"type\":\"grid_item\",\"props\":{\"content\":\"\n\n<p>Preki\u0173 inventorizavimas<\/p>\n\n\",\"content_en_us\":\"\n\n<p>Inventory management<\/p>\n\n\",\"icon\":\"plus-circle\",\"title\":\"\"}},{\"type\":\"grid_item\",\"props\":{\"content\":\"\n\n<p>Saugojimas ma\u017eesn\u0117se lentynose ir atrinkimas vienetais<\/p>\n\n\",\"content_en_us\":\"\n\n<p>Storage on smaller shelves and picking by units<\/p>\n\n\",\"icon\":\"plus-circle\",\"title\":\"\"}},{\"type\":\"grid_item\",\"props\":{\"content\":\"\n\n<p>Specialus transportas pagal kliento poreik\u012f<\/p>\n\n\",\"content_en_us\":\"\n\n<p>Special transport according to client requirements<\/p>\n\n\",\"icon\":\"plus-circle\",\"title\":\"\"}}]},{\"type\":\"button\",\"props\":{\"grid_column_gap\":\"small\",\"grid_row_gap\":\"small\",\"margin_bottom\":\"default\",\"margin_top\":\"default\"},\"children\":[{\"type\":\"button_item\",\"props\":{\"button_style\":\"default\",\"content\":\"Susisiekite\",\"content_en_us\":\"Contacts us\",\"dialog_layout\":\"modal\",\"dialog_offcanvas_flip\":true,\"icon_align\":\"left\",\"link\":\"kontaktai\/\",\"link_en_us\":\"\/en\/contacts\/\",\"link_title_en_us\":\"Get in touch\"}}]}]}]}]}]}]}]},{\"type\":\"section\",\"props\":{\"id\":\"uzklausa\",\"image_position\":\"center-center\",\"style\":\"secondary\",\"title_breakpoint\":\"xl\",\"title_position\":\"top-left\",\"title_rotation\":\"left\",\"vertical_align\":\"middle\",\"width\":\"default\"},\"children\":[{\"type\":\"row\",\"children\":[{\"type\":\"column\",\"props\":{\"image_position\":\"center-center\",\"position_sticky_breakpoint\":\"m\"},\"children\":[{\"type\":\"yooessentials_form\",\"props\":{\"form_actions\":[{\"type\":\"email\",\"props\":{\"html\":true,\"attachments\":[null],\"submitted_attachments\":[null],\"subject\":\"{vardas} u\u017eklausa - Hegelmann-logistika.lt\",\"recipients\":\"logistika.lt@hegelmann.com\",\"body\":\"\n\n<p>U\u017eklausa gauta i\u0161 hegelmann-logistika.lt\/planai\/<br \/><a href=\\\"https:\/\/hegelmann-logistika.lt\/planai\/\\\"><\/a><br \/><strong>Vardas:<\/strong> {vardas}<br \/><strong>Tel nr:<\/strong> {telefonas}<br \/><strong>E-mail:<\/strong> {pastas}<br \/><strong>Tema:<\/strong> {tema}\n\n<strong>\u017dinut\u0117:<\/strong> {zinute}<\/p>\n\n\",\"ccs\":\"sjurkus@hegelmann.com, ejagelaite@hegelmann.com\"},\"id\":\"68c95cb4f32f0\"},{\"type\":\"redirect\",\"id\":\"2E263D\",\"props\":{\"redirect\":\"thank-you-paslaugu-planai\/\"}}],\"form_settings_action_method\":\"POST\",\"form_settings_html5validation\":true,\"form_settings_override_action_url\":false,\"form_settings_reset_after_submit\":true,\"margin_bottom\":\"default\",\"margin_top\":\"default\"},\"children\":[{\"type\":\"row\",\"props\":{\"layout\":\"1-2,1-2\"},\"children\":[{\"type\":\"column\",\"props\":{\"image_position\":\"center-center\",\"position_sticky_breakpoint\":\"m\",\"width_medium\":\"1-2\"},\"children\":[{\"type\":\"headline\",\"props\":{\"content\":\"Pateikite u\u017eklaus\u0105\",\"content_en_us\":\"Submit an Inquiry\",\"image_align\":\"left\",\"image_margin\":\"xsmall\",\"title_element\":\"h2\"}},{\"type\":\"text\",\"props\":{\"column_breakpoint\":\"m\",\"content\":\"\n\n<p><span>Turite daugiau klausim\u0173? M\u016bs\u0173 komanda pasiruo\u0161usi jums pad\u0117ti!<\/span><br \/><span>Susisiekite telefonu ar el. pa\u0161tu.<\/span><\/p>\n\n\",\"content_en_us\":\"\n\n<p>Have more questions? Our team is ready to help!<br \/>Contact us by phone or email.<\/p>\n\n\",\"margin_bottom\":\"default\",\"margin_top\":\"default\"}},{\"type\":\"button\",\"props\":{\"grid_column_gap\":\"small\",\"grid_row_gap\":\"small\",\"margin_bottom\":\"default\",\"margin_top\":\"default\"},\"children\":[{\"type\":\"button_item\",\"props\":{\"button_style\":\"default\",\"content\":\"+370 657 04944\",\"dialog_layout\":\"modal\",\"dialog_offcanvas_flip\":true,\"icon\":\"receiver\",\"icon_align\":\"left\",\"link\":\"tel:+37065704944\",\"link_title\":\"Skambinti\"}},{\"type\":\"button_item\",\"props\":{\"button_style\":\"default\",\"content\":\"logistika.lt@hegelmann.com\",\"dialog_layout\":\"modal\",\"dialog_offcanvas_flip\":true,\"icon\":\"mail\",\"icon_align\":\"left\",\"link\":\"mailto:logistika.lt@hegelmann.com\",\"link_title\":\"Susisiekite el. pa\u0161tu\"}}]},{\"type\":\"text\",\"props\":{\"class\":\"text-borderis\",\"column_breakpoint\":\"m\",\"content\":\"\n\n<p>\u0160i forma n\u0117ra skirta darbo u\u017eklausoms, tod\u0117l \u012f jas nebus atsakoma. Jei norite kreiptis d\u0117l darbo, si\u0173skite CV ir u\u017eklaus\u0105 el. pa\u0161tu: vsinkeviciene@hegelmann.com arba telefonu: +37066036069<\/p>\n\n\",\"content_en_us\":\"\n\n<p>This form is intended for general inquiries only. Unfortunately, job-related messages will not receive a response. If you wish to apply for a job, please send your CV and inquiry by email to: vsinkeviciene@hegelmann.com or by phone: +37066036069<\/p>\n\n\",\"margin_bottom\":\"default\",\"margin_top\":\"default\"}}]},{\"type\":\"column\",\"props\":{\"image_position\":\"center-center\",\"position_sticky_breakpoint\":\"m\",\"width_medium\":\"1-2\"},\"children\":[{\"type\":\"yooessentials_form_input\",\"props\":{\"control_icon_align\":\"left\",\"grid_column_gap\":\"small\",\"grid_columns_number\":\"1-2@m\",\"grid_row_gap\":\"small\",\"margin_bottom\":\"default\",\"margin_top\":\"default\",\"show_icon\":true,\"show_label\":true},\"children\":[{\"type\":\"yooessentials_form_input_text\",\"props\":{\"control_icon\":\"user\",\"control_id_inherit\":true,\"control_label\":\"J\u016bs\u0173 vardas, pavard\u0117\",\"control_label_en_us\":\"Full name\",\"control_name\":\"vardas\",\"control_required\":true}},{\"type\":\"yooessentials_form_input_tel\",\"props\":{\"control_icon\":\"phone\",\"control_id_inherit\":true,\"control_label\":\"Tel nr. \",\"control_label_en_us\":\"Phone\",\"control_name\":\"telefonas\",\"control_required\":true}},{\"type\":\"yooessentials_form_input_email\",\"props\":{\"control_icon\":\"mail\",\"control_id_inherit\":true,\"control_label\":\"El. pa\u0161tas\",\"control_label_en_us\":\"E-mail\",\"control_name\":\"pastas\",\"control_required\":true}},{\"type\":\"yooessentials_form_input_text\",\"props\":{\"control_id_inherit\":true,\"control_label\":\"Tema\",\"control_label_en_us\":\"Subject\",\"control_name\":\"tema\",\"control_required\":true}}]},{\"type\":\"yooessentials_form_textarea\",\"props\":{\"control_error_message\":\"Atsipra\u0161ome, \u012fvyko klaida. Pra\u0161ome bandyti dar kart\u0105 arba kreipkit\u0117s el. pa\u0161tu logistika.lt@hegelmann.com\",\"control_id_inherit\":true,\"control_label\":\"\u017dinut\u0117:\",\"control_label_en_us\":\"Message\",\"control_maxlength\":500,\"control_name\":\"zinute\",\"control_required\":true,\"margin_bottom\":\"default\",\"margin_top\":\"default\"}},{\"type\":\"yooessentials_form_button\",\"props\":{\"grid_column_gap\":\"small\",\"grid_row_gap\":\"small\",\"margin_bottom\":\"default\",\"margin_top\":\"default\"},\"children\":[{\"type\":\"yooessentials_form_button_submit\",\"props\":{\"button_style\":\"default\",\"content\":\"Si\u0173sti\",\"content_en_us\":\"Send\",\"icon\":\"\",\"icon_align\":\"left\"}}]},{\"type\":\"yooessentials_form_recaptcha\",\"props\":{\"control_action\":\"yoothemepro_form_submit\",\"control_badge_position\":\"bottomright\",\"control_secret_key\":\"6Ld8bssrAAAAAFdNeXDK_9OrFBaT-sItA4OuoJ3s\",\"control_site_key\":\"6Ld8bssrAAAAAKZDaESylY9Lr5uxUBsPkkuD1iFu\",\"control_size\":\"normal\",\"control_theme\":\"light\",\"control_threshold\":\"0.5\",\"control_type\":\"v3\",\"margin_bottom\":\"default\",\"margin_top\":\"default\",\"recaptcha_version\":\"v2\"}}]}]}],\"formid\":\"9bbfe000\"}]}]}],\"name\":\"2025-09-16-forma-siuntimo\"}],\"version\":\"5.0.25\",\"yooessentialsVersion\":\"3.0.2\"} --><\/p>\n","protected":false},"excerpt":{"rendered":"<p>Paslaug\u0173 planai Lankst\u016bs sand\u0117liavimo paslaug\u0173 planai \u2013 pagal J\u016bs\u0173 poreikius Naudodamiesi Hegelmann Logistics sand\u0117liavimo paslaugomis, gausite ai\u0161k\u0173 ir paprast\u0105 kainodaros model\u012f, kuris apima preki\u0173 pri\u0117mim\u0105, sand\u0117liavim\u0105, pakavim\u0105, i\u0161siuntim\u0105 ir gr\u0105\u017einim\u0173 valdym\u0105. Startas 6 m3 vietos Preki\u0173 u\u017esakymas Pakavimas I\u0161siuntimas Stock prie\u017ei\u016bra Kaina 200 \u20ac \/ m\u0117n Verslas 11 m3 vietos iki 200 u\u017esakym\u0173 Pakavimas I\u0161siuntimas [&hellip;]<\/p>\n","protected":false},"author":1,"featured_media":0,"parent":0,"menu_order":0,"comment_status":"closed","ping_status":"closed","template":"","meta":{"footnotes":""},"class_list":["post-168","page","type-page","status-publish","hentry"],"_links":{"self":[{"href":"https:\/\/hegelmann-logistika.lt\/en\/wp-json\/wp\/v2\/pages\/168","targetHints":{"allow":["GET"]}}],"collection":[{"href":"https:\/\/hegelmann-logistika.lt\/en\/wp-json\/wp\/v2\/pages"}],"about":[{"href":"https:\/\/hegelmann-logistika.lt\/en\/wp-json\/wp\/v2\/types\/page"}],"author":[{"embeddable":true,"href":"https:\/\/hegelmann-logistika.lt\/en\/wp-json\/wp\/v2\/users\/1"}],"replies":[{"embeddable":true,"href":"https:\/\/hegelmann-logistika.lt\/en\/wp-json\/wp\/v2\/comments?post=168"}],"version-history":[{"count":46,"href":"https:\/\/hegelmann-logistika.lt\/en\/wp-json\/wp\/v2\/pages\/168\/revisions"}],"predecessor-version":[{"id":984,"href":"https:\/\/hegelmann-logistika.lt\/en\/wp-json\/wp\/v2\/pages\/168\/revisions\/984"}],"wp:attachment":[{"href":"https:\/\/hegelmann-logistika.lt\/en\/wp-json\/wp\/v2\/media?parent=168"}],"curies":[{"name":"wp","href":"https:\/\/api.w.org\/{rel}","templated":true}]}}