{"id":101,"date":"2024-09-02T11:41:10","date_gmt":"2024-09-02T11:41:10","guid":{"rendered":"https:\/\/trucks.hgl.mn\/?page_id=101"},"modified":"2026-03-30T08:22:41","modified_gmt":"2026-03-30T08:22:41","slug":"karjera","status":"publish","type":"page","link":"https:\/\/hegelmann-logistika.lt\/en\/career\/","title":{"rendered":"Career"},"content":{"rendered":"<div>\n<p>    <img decoding=\"async\" src=\"\/wp-content\/uploads\/2024\/10\/karjera-landing.jpg\" alt=\"karjera Hegelmann Logistikoje\"><\/p>\n<\/div>\n<h1>Darbas logistikoje<\/h1>\n<div>\n<p>Tai dinami\u0161ka ir nuolat auganti sritis, si\u016blanti \u012fvairias karjeros galimybes. M\u016bs\u0173 komanda ie\u0161ko entuziasting\u0173 ir atsaking\u0173 darbuotoj\u0173, kurie nori prisijungti prie efektyvios logistikos grandin\u0117s. Dirbdami m\u016bs\u0173 logistikos centruose, tur\u0117site galimyb\u0119 tobul\u0117ti ir ugdyti savo \u012fg\u016bd\u017eius, prisid\u0117dami prie inovatyvi\u0173 sprendim\u0173 k\u016brimo. M\u016bs\u0173 organizacijoje vertinamos komandos dvasia ir bendradarbiavimas, tod\u0117l tikim\u0117s, kad kiekvienas darbuotojas atne\u0161 savo unikal\u0173 ind\u0117l\u012f.<\/p>\n<\/div>\n<p><img decoding=\"async\" src=\"\/wp-content\/uploads\/2024\/10\/forklift-600.jpg\" alt=\"darbo pasiulymai\"><\/p>\n<h1>Darbo pasi\u016blymai<\/h1>\n<p><p>\n        <a href=\"https:\/\/www.hegelmann.com\/lt\/category\/lithuania-job-offers\/\" rel=\"noopener\">Daugiau informacijos<\/a>\n    <\/p>\n<\/p>\n<p><!--more--><br \/>\n<!-- {\"type\":\"layout\",\"children\":[{\"type\":\"section\",\"props\":{\"header_transparent\":true,\"header_transparent_noplaceholder\":true,\"header_transparent_text_color\":\"light\",\"image_position\":\"center-center\",\"padding_bottom\":\"none\",\"padding_top\":\"none\",\"style\":\"default\",\"title_breakpoint\":\"xl\",\"title_position\":\"top-left\",\"title_rotation\":\"left\",\"vertical_align\":\"middle\",\"width\":\"\"},\"children\":[{\"type\":\"row\",\"children\":[{\"type\":\"column\",\"props\":{\"image_position\":\"center-center\",\"position_sticky_breakpoint\":\"m\"},\"children\":[{\"type\":\"slideshow\",\"props\":{\"link_style\":\"default\",\"link_text\":\"Read more\",\"margin_bottom\":\"remove\",\"margin_top\":\"remove\",\"meta_align\":\"above-title\",\"meta_element\":\"div\",\"meta_style\":\"text-meta\",\"nav\":\"dotnav\",\"nav_align\":\"center\",\"nav_breakpoint\":\"s\",\"nav_position\":\"bottom-center\",\"nav_position_margin\":\"\",\"overlay_animation\":\"parallax\",\"overlay_container\":\"expand\",\"overlay_container_padding\":\"xsmall\",\"overlay_position\":\"center\",\"show_content\":true,\"show_link\":true,\"show_meta\":true,\"show_thumbnail\":true,\"show_title\":true,\"slidenav\":\"default\",\"slidenav_breakpoint\":\"s\",\"slidenav_margin\":\"medium\",\"slidenav_outside_breakpoint\":\"xl\",\"slideshow_autoplay_pause\":true,\"slideshow_max_height\":\"600\",\"slideshow_min_height\":\"200\",\"slideshow_ratio\":\"16:9\",\"text_align\":\"center\",\"thumbnav_height\":\"75\",\"thumbnav_svg_color\":\"emphasis\",\"thumbnav_width\":\"100\",\"title_color\":\"success\",\"title_element\":\"h3\",\"title_hover_style\":\"reset\",\"title_style\":\"h1\"},\"children\":[{\"type\":\"slideshow_item\",\"props\":{\"image\":\"wp-content\/uploads\/2024\/10\/karjera-landing.jpg\",\"image_alt\":\"karjera Hegelmann Logistikoje\"}}]}]}],\"props\":{\"margin_bottom\":\"remove\",\"margin_top\":\"remove\"}}],\"name\":\"header\"},{\"type\":\"section\",\"props\":{\"image_position\":\"center-center\",\"style\":\"muted\",\"title_breakpoint\":\"xl\",\"title_position\":\"top-left\",\"title_rotation\":\"left\",\"vertical_align\":\"middle\",\"width\":\"default\"},\"children\":[{\"type\":\"row\",\"props\":{\"layout\":\"1-2,1-2\"},\"children\":[{\"type\":\"column\",\"props\":{\"image_position\":\"center-center\",\"position_sticky_breakpoint\":\"m\",\"width_medium\":\"1-2\"},\"children\":[{\"type\":\"headline\",\"props\":{\"content\":\"Darbas logistikoje\",\"image_align\":\"left\",\"image_margin\":\"xsmall\",\"title_element\":\"h1\"}},{\"type\":\"text\",\"props\":{\"column_breakpoint\":\"m\",\"content\":\"\n\n<p>Tai dinami\u0161ka ir nuolat auganti sritis, si\u016blanti \u012fvairias karjeros galimybes. M\u016bs\u0173 komanda ie\u0161ko entuziasting\u0173 ir atsaking\u0173 darbuotoj\u0173, kurie nori prisijungti prie efektyvios logistikos grandin\u0117s. Dirbdami m\u016bs\u0173 logistikos centruose, tur\u0117site galimyb\u0119 tobul\u0117ti ir ugdyti savo \u012fg\u016bd\u017eius, prisid\u0117dami prie inovatyvi\u0173 sprendim\u0173 k\u016brimo. M\u016bs\u0173 organizacijoje vertinamos komandos dvasia ir bendradarbiavimas, tod\u0117l tikim\u0117s, kad kiekvienas darbuotojas atne\u0161 savo unikal\u0173 ind\u0117l\u012f.<\/p>\n\n\",\"margin_bottom\":\"default\",\"margin_top\":\"default\"}}]},{\"type\":\"column\",\"props\":{\"image_position\":\"center-center\",\"position_sticky_breakpoint\":\"m\",\"width_medium\":\"1-2\"},\"children\":[{\"type\":\"image\",\"props\":{\"image\":\"wp-content\/uploads\/2024\/10\/forklift-600.jpg\",\"image_alt\":\"darbo pasiulymai\",\"image_height\":300,\"image_svg_color\":\"emphasis\",\"margin_bottom\":\"default\",\"margin_top\":\"default\"}}]}]}]},{\"type\":\"section\",\"props\":{\"image_position\":\"center-center\",\"style\":\"default\",\"title_breakpoint\":\"xl\",\"title_position\":\"top-left\",\"title_rotation\":\"left\",\"vertical_align\":\"middle\",\"width\":\"default\"},\"children\":[{\"type\":\"row\",\"children\":[{\"type\":\"column\",\"props\":{\"image_position\":\"center-center\",\"position_sticky_breakpoint\":\"m\"},\"children\":[{\"type\":\"headline\",\"props\":{\"content\":\"Darbo pasi\u016blymai\",\"image_align\":\"left\",\"image_margin\":\"xsmall\",\"title_element\":\"h1\"}},{\"type\":\"button\",\"props\":{\"grid_column_gap\":\"small\",\"grid_row_gap\":\"small\",\"margin_bottom\":\"default\",\"margin_top\":\"default\"},\"children\":[{\"type\":\"button_item\",\"props\":{\"button_style\":\"default\",\"content\":\"Daugiau informacijos\",\"content_en_us\":\"More info\",\"dialog_layout\":\"modal\",\"dialog_offcanvas_flip\":true,\"icon_align\":\"left\",\"link\":\"https:\/\/www.hegelmann.com\/lt\/category\/lithuania-job-offers\/\"}}]}]}]},{\"type\":\"row\",\"children\":[{\"type\":\"column\",\"props\":{\"image_position\":\"center-center\",\"position_sticky_breakpoint\":\"m\"}}]}]}],\"version\":\"5.0.25\",\"yooessentialsVersion\":\"3.0.2\"} --><\/p>\n","protected":false},"excerpt":{"rendered":"<p>Darbas logistikoje Tai dinami\u0161ka ir nuolat auganti sritis, si\u016blanti \u012fvairias karjeros galimybes. M\u016bs\u0173 komanda ie\u0161ko entuziasting\u0173 ir atsaking\u0173 darbuotoj\u0173, kurie nori prisijungti prie efektyvios logistikos grandin\u0117s. Dirbdami m\u016bs\u0173 logistikos centruose, tur\u0117site galimyb\u0119 tobul\u0117ti ir ugdyti savo \u012fg\u016bd\u017eius, prisid\u0117dami prie inovatyvi\u0173 sprendim\u0173 k\u016brimo. M\u016bs\u0173 organizacijoje vertinamos komandos dvasia ir bendradarbiavimas, tod\u0117l tikim\u0117s, kad kiekvienas darbuotojas atne\u0161 [&hellip;]<\/p>\n","protected":false},"author":1,"featured_media":0,"parent":0,"menu_order":0,"comment_status":"closed","ping_status":"closed","template":"","meta":{"footnotes":""},"class_list":["post-101","page","type-page","status-publish","hentry"],"_links":{"self":[{"href":"https:\/\/hegelmann-logistika.lt\/en\/wp-json\/wp\/v2\/pages\/101","targetHints":{"allow":["GET"]}}],"collection":[{"href":"https:\/\/hegelmann-logistika.lt\/en\/wp-json\/wp\/v2\/pages"}],"about":[{"href":"https:\/\/hegelmann-logistika.lt\/en\/wp-json\/wp\/v2\/types\/page"}],"author":[{"embeddable":true,"href":"https:\/\/hegelmann-logistika.lt\/en\/wp-json\/wp\/v2\/users\/1"}],"replies":[{"embeddable":true,"href":"https:\/\/hegelmann-logistika.lt\/en\/wp-json\/wp\/v2\/comments?post=101"}],"version-history":[{"count":5,"href":"https:\/\/hegelmann-logistika.lt\/en\/wp-json\/wp\/v2\/pages\/101\/revisions"}],"predecessor-version":[{"id":961,"href":"https:\/\/hegelmann-logistika.lt\/en\/wp-json\/wp\/v2\/pages\/101\/revisions\/961"}],"wp:attachment":[{"href":"https:\/\/hegelmann-logistika.lt\/en\/wp-json\/wp\/v2\/media?parent=101"}],"curies":[{"name":"wp","href":"https:\/\/api.w.org\/{rel}","templated":true}]}}